{"id":3222,"date":"2020-06-24T09:01:50","date_gmt":"2020-06-24T07:01:50","guid":{"rendered":"https:\/\/interimco.fr\/tertiaire\/?page_id=3222"},"modified":"2020-07-29T16:16:07","modified_gmt":"2020-07-29T14:16:07","slug":"mentions-legales","status":"publish","type":"page","link":"https:\/\/interimco.fr\/tertiaire\/mentions-legales\/","title":{"rendered":"Mentions l\u00e9gales"},"content":{"rendered":"<div class=\"wpb-content-wrapper\"><p>[vc_row][vc_column][vc_column_text]<strong>EDITEUR<\/strong><\/p>\n<p>Vous \u00eates actuellement connect\u00e9 au site web officiel de la soci\u00e9t\u00e9 INTERIM CO.<br \/>\nDirecteur de la publication :<br \/>\nPITTON Frank<br \/>\nResponsable Marketing<br \/>\nTel : 01.45.22.52.84<br \/>\nContact : contact@interimco.fr<\/p>\n<p>Vous souhaitez poser une question ou \u00e9mettre une suggestion sur le contenu du site ? <a title=\"Contact\" href=\"https:\/\/www.interimco.fr\/contact\/\">Cliquez ici<\/a>.<\/p>\n<p>INTERIM CO<br \/>\n22, rue de Constantinople<br \/>\n75008 Paris<br \/>\nT\u00e9l. 01.45.22.52.84<br \/>\nFax : 01.45.22.52.85<br \/>\nINTERIM CO S.A.R.L. au capital de 100 000\u20ac \u2013 487 496 705 RCS Paris<\/p>\n<p>Caution bancaire (art. L1251-49 du code du travail) : SOCAMETT, 2 rue de Penthi\u00e8vre Paris 8\u00e8me<\/p>\n<p><strong>HEBERGEUR<\/strong><br \/>\nDigital Ocean<\/p>\n<p><strong>INFORMATIQUE ET LIBERTES GESTION DES CANDIDATURES<\/strong><\/p>\n<p>Lors de votre inscription sur Interimco.fr, les questions pr\u00e9c\u00e9d\u00e9es d\u2019un ast\u00e9risque sont obligatoires. Les autres questions sont facultatives et sans incidence pour le bon suivi de votre candidature. En cas de d\u00e9claration mensong\u00e8re, vous \u00eates inform\u00e9(e) qu\u2019Interimco se r\u00e9serve le droit d\u2019interrompre toute relation, sans pr\u00e9judice des \u00e9ventuelles poursuites judiciaires.<br \/>\nLes informations qui vous sont demand\u00e9es lors de la saisie de vos coordonn\u00e9es ou de votre CV sont indispensables au traitement de votre dossier et sont destin\u00e9es \u00e0 la gestion des candidatures ainsi qu\u2019\u00e0 la gestion administrative des personnels recrut\u00e9s.<\/p>\n<p>Les destinataires de ces donn\u00e9es sont d\u2019une part les services internes (r\u00e9seau des agences, DRH, service paie, Marketing), et d\u2019autre part les organismes externes notamment la Direction D\u00e9partementale du Travail, P\u00f4le Emploi , et les entreprises clientes.<\/p>\n<p>Concernant l\u2019inscription sur notre site, votre dossier sera conserv\u00e9 pendant une p\u00e9riode de 12 mois. Ce d\u00e9lai court \u00e0 partir de la derni\u00e8re intervention sur votre dossier de candidature (mise \u00e0 jour, modification d\u2019informations, r\u00e9ponse \u00e0 une offre\u2026). A l\u2019issue de cette p\u00e9riode, il sera automatiquement supprim\u00e9 de notre base de donn\u00e9es.<\/p>\n<p>Il est rappel\u00e9 que seul un contrat \u00e9crit et sign\u00e9 de mani\u00e8re manuscrite \u00ab traditionnelle \u00bb engage contractuellement Interimco et l\u2019int\u00e9rimaire, le pr\u00e9sent site internet ne permet pas pour l\u2019instant la conclusion d\u2019un contrat \u00e0 distance. En cons\u00e9quence, les dispositions des contrats qui peuvent \u00eatre conclus par le client d\u2019Interimco et l\u2019int\u00e9rimaire pr\u00e9valent sur toute information et\/ou engagement contenus dans le pr\u00e9sent site Interimco.fr.<\/p>\n<p>\u00abInterimco\u00bb \u00e9tant une marque de Interimco France, toutes les donn\u00e9es collect\u00e9es lors de votre inscription sur ce site sont alors partag\u00e9es avec l\u2019ensemble des \u00e9quipes Recrutement du Groupe Interimco.<\/p>\n<p>Conform\u00e9ment \u00e0 la loi \u00ab informatique et libert\u00e9s \u00bb du 6 janvier 1978, vous b\u00e9n\u00e9ficiez d\u2019un droit d\u2019acc\u00e8s, de rectification et de suppression aux informations qui vous concernent.<\/p>\n<p><strong>MESSAGERIE<\/strong><\/p>\n<p>Pour toute remarque sur le fonctionnement du site, \u00e9crivez \u00e0 l\u2019administrateur du site gr\u00e2ce \u00e0 l\u2019utilisation du bouton Contact figurant sur toutes les pages du site.<\/p>\n<p><strong><br \/>\nAVERTISSEMENT<\/strong><\/p>\n<p>Les messages que vous nous ferez parvenir par l\u2019interm\u00e9diaire d\u2019Internet peuvent \u00eatre intercept\u00e9s sur le r\u00e9seau. Jusqu\u2019\u00e0 ce qu\u2019ils nous parviennent, leur confidentialit\u00e9 ne peut \u00eatre garantie. Assurez-vous de ne pas divulguer d\u2019informations personnelles inutiles ou sensibles. De plus, l\u2019indication de la provenance des messages \u00e9lectroniques que nous recevons peut \u00eatre falsifi\u00e9e. Par cons\u00e9quent, si vous souhaitez nous communiquer de telles informations, utilisez imp\u00e9rativement la voie postale.<br \/>\nLoi N\u00b078-17 du 6 janvier 1978 relative \u00e0 l\u2019informatique, aux fichiers et aux libert\u00e9s.<br \/>\nLa partie Interimco On Line de ce site (prise de coordonn\u00e9es et saisie d\u2019un C.V) a fait l\u2019objet d\u2019une d\u00e9claration \u00e0 la CNIL.<\/p>\n<p><strong>INFORMATION SUR LES COOKIES<\/strong><\/p>\n<p>Technique : un \u00ab\u00a0cookie\u00a0\u00bb est un enregistrement d\u2019informations par le serveur dans un fichier texte situ\u00e9 sur l\u2019ordinateur client (le v\u00f4tre), informations que ce m\u00eame serveur (et lui seul) peut aller relire et modifier ult\u00e9rieurement. La technique des cookies repose sur le protocole HTTP, c\u2019est-\u00e0-dire le protocole du web. Il ne faut donc pas voir de cookies partout : seul un serveur web peut en envoyer. Plus pr\u00e9cis\u00e9ment, un cookie se compose d\u2019un ensemble de variables (ou de champs) que le client et le serveur s\u2019\u00e9changent lors de transactions HTTP, lesquelles variables sont tout simplement stock\u00e9es sur la machine cliente dans un simple fichier texte.<br \/>\nUn cookie est obligatoirement rattach\u00e9 \u00e0 un nom de domaine et un ensemble d\u2019URL de telle sorte que seule une requ\u00eate provenant du m\u00eame serveur peut y acc\u00e9der. Par exemple, gr\u00e2ce \u00e0 un programme CGI, le serveur a la possibilit\u00e9 de mettre \u00e0 jour ou d\u2019effacer un cookie. Mais pour cela, il doit sp\u00e9cifier tous les attributs du cookie, par cons\u00e9quent seul le serveur qui a cr\u00e9\u00e9 un cookie peut le modifier ou le supprimer. Un m\u00eame \u00ab\u00a0client\u00a0\u00bb peut stocker un maximum de 300 cookies, dont 20 maximum pour un m\u00eame serveur, chaque cookie pouvant atteindre jusqu\u2019\u00e0 4000 octets (env. 4 Ko).<br \/>\nLes cookies et le web Interimco :<br \/>\nLe site http:\/\/www.Interimco.fr\/ peut utiliser des cookies :<br \/>\n\u00b7pour des raisons techniques (bon fonctionnement du serveur),<\/p>\n<p>\u00b7pour un bon fonctionnement de certaines applications \u00ab\u00a0en ligne\u00a0\u00bb.<\/p>\n<p>En aucune fa\u00e7on, ces informations ne sont ou ne seront r\u00e9utilis\u00e9es par Interimco.<\/p>\n<p><strong>MESSAGERIE<\/strong><\/p>\n<p>Voir l\u2019avertissement sur la messagerie .<br \/>\nLes messages \u00e9lectroniques envoy\u00e9s au Webmaster sont conserv\u00e9s pendant la dur\u00e9e de leur traitement, c\u2019est-\u00e0-dire environ 6 mois en cas d\u2019\u00e9change de courriers \u00e9lectroniques ou quelques jours pour une simple prise en compte. Les droits d\u2019acc\u00e8s et de rectification s\u2019exercent aupr\u00e8s du service Interimco Contact.<\/p>\n<p><strong>DROIT D\u2019AUTEUR \u2013 Copyright<\/strong><\/p>\n<p>L\u2019ensemble de ce site rel\u00e8ve de la l\u00e9gislation fran\u00e7aise et internationale sur le droit d\u2019auteur et la propri\u00e9t\u00e9 intellectuelle.<br \/>\nTous les droits de reproduction sont r\u00e9serv\u00e9s par la soci\u00e9t\u00e9 Interimco, y compris pour les documents t\u00e9l\u00e9chargeables et les repr\u00e9sentations iconographiques et photographiques.<br \/>\nCr\u00e9dits photos : banque d\u2019images Interimco, Fotolia.<br \/>\nLa reproduction de tout ou partie de ce site sur quelque support que ce soit est formellement interdite sauf autorisation expresse du directeur de la publication.<br \/>\nLes mots Interimco, et tous les logos sont des marques d\u00e9pos\u00e9es par le groupe Interimco.<\/p>\n<p><strong>DOSSIERS<\/strong><\/p>\n<p>Tous les documents de ce site : \u00a9 Interimco \u2013 Tous droits de reproduction r\u00e9serv\u00e9s.<br \/>\nLes documents diffus\u00e9s en version \u00e9lectronique sur ce site peuvent avoir fait l\u2019objet de mise \u00e0 jour entre le moment o\u00f9 vous les avez t\u00e9l\u00e9charg\u00e9s et celui o\u00f9 vous en prenez connaissance. En cons\u00e9quence, nous vous recommandons d\u2019en v\u00e9rifier la validit\u00e9.<\/p>\n<p>En permanence, vous pouvez retourner sur la page d\u2019accueil (sommaire g\u00e9n\u00e9ral) ou sur un sous-sommaire, en acc\u00e9dant au menu d\u00e9roulant qui se trouve sur la partie gauche de votre \u00e9cran.<\/p>\n<p><strong><br \/>\nUTILISATION DE CE SITE<\/strong><\/p>\n<p>Ces informations vous sont communiqu\u00e9es telles quelles sans autorisation de quelque sorte que ce soit, exprim\u00e9e ou sous-entendue. Cela inclue les autorisations implicites de vente, pour une utilisation particuli\u00e8re, ou le non-respect des droits de propri\u00e9t\u00e9 intellectuelle mais ne se limite pas \u00e0 cela.<br \/>\nInterimco ne prend aucun engagement concernant les informations ou les pages qui pourraient contenir des r\u00e9f\u00e9rences \u00e0 des produits, programmes et services ou tout autre site auquel vous pourriez avoir acc\u00e8s via le site Interimco.<br \/>\nIl est express\u00e9ment rappel\u00e9 qu\u2019Interimco n\u2019a aucun contr\u00f4le ni responsabilit\u00e9 quant au contenu des sites en lien avec Interimco m\u00eame accessibles \u00e0 partir du site Interimco.fr. De plus, un lien \u00e0 un tel site ne signifie pas qu\u2019Interimco assume une quelconque responsabilit\u00e9 quant \u00e0 son contenu ou l\u2019usage qui peut en \u00eatre fait. Il vous incombe de prendre les pr\u00e9cautions n\u00e9cessaires pour vous assurer que le site que vous s\u00e9lectionnez pour votre usage n\u2019est pas infest\u00e9 de virus, cheval de Troie ou autre parasite de nature intrusive ou destructive.<br \/>\nEn aucun cas, Interimco ne sera tenu responsable des dommages directs, indirects ou sp\u00e9ciaux r\u00e9sultants de l\u2019usage de ce site web ou d\u2019autres sites qui lui sont li\u00e9s, notamment tout pr\u00e9judice financier ou commercial, perte de programmes ou de donn\u00e9es dans votre syst\u00e8me d\u2019information ou autre, m\u00eame si Interimco a eu connaissance de la possibilit\u00e9 de survenance de tels dommages.<\/p>\n<p>Cette page a pu \u00eatre r\u00e9alis\u00e9e gr\u00e2ce \u00e0 l\u2019utilisation du site Internet de la Commission Nationale de l\u2019Informatique et des Libert\u00e9s (CNIL) : http:\/\/www.cnil.fr Les droits de reproduction sont r\u00e9serv\u00e9s et strictement limit\u00e9s.[\/vc_column_text][\/vc_column][\/vc_row]<\/p>\n<\/div>","protected":false},"excerpt":{"rendered":"<p>[vc_row][vc_column][vc_column_text]EDITEUR Vous \u00eates actuellement connect\u00e9 au site web officiel de la soci\u00e9t\u00e9 INTERIM CO. Directeur de la publication : PITTON Frank Responsable Marketing Tel : 01.45.22.52.84 Contact : contact@interimco.fr Vous souhaitez poser une question ou \u00e9mettre une suggestion sur le contenu du site ? Cliquez ici. INTERIM CO 22, rue de Constantinople 75008 Paris T\u00e9l.&hellip;<\/p>\n","protected":false},"author":1,"featured_media":0,"parent":0,"menu_order":0,"comment_status":"closed","ping_status":"closed","template":"","meta":{"footnotes":""},"class_list":["post-3222","page","type-page","status-publish","hentry","description-off"],"_links":{"self":[{"href":"https:\/\/interimco.fr\/tertiaire\/wp-json\/wp\/v2\/pages\/3222","targetHints":{"allow":["GET"]}}],"collection":[{"href":"https:\/\/interimco.fr\/tertiaire\/wp-json\/wp\/v2\/pages"}],"about":[{"href":"https:\/\/interimco.fr\/tertiaire\/wp-json\/wp\/v2\/types\/page"}],"author":[{"embeddable":true,"href":"https:\/\/interimco.fr\/tertiaire\/wp-json\/wp\/v2\/users\/1"}],"replies":[{"embeddable":true,"href":"https:\/\/interimco.fr\/tertiaire\/wp-json\/wp\/v2\/comments?post=3222"}],"version-history":[{"count":4,"href":"https:\/\/interimco.fr\/tertiaire\/wp-json\/wp\/v2\/pages\/3222\/revisions"}],"predecessor-version":[{"id":3499,"href":"https:\/\/interimco.fr\/tertiaire\/wp-json\/wp\/v2\/pages\/3222\/revisions\/3499"}],"wp:attachment":[{"href":"https:\/\/interimco.fr\/tertiaire\/wp-json\/wp\/v2\/media?parent=3222"}],"curies":[{"name":"wp","href":"https:\/\/api.w.org\/{rel}","templated":true}]}}