{"id":3262,"date":"2020-06-24T09:01:50","date_gmt":"2020-06-24T07:01:50","guid":{"rendered":"https:\/\/interimco.fr\/logistique\/?page_id=3262"},"modified":"2025-03-11T15:57:31","modified_gmt":"2025-03-11T13:57:31","slug":"notre-entreprise","status":"publish","type":"page","link":"https:\/\/interimco.fr\/medical\/notre-entreprise\/","title":{"rendered":"Notre entreprise"},"content":{"rendered":"<div class=\"wpb-content-wrapper\"><p>[vc_row full_width=\u00a0\u00bbstretch_row\u00a0\u00bb gap=\u00a0\u00bb30&Prime; equal_height=\u00a0\u00bbyes\u00a0\u00bb content_placement=\u00a0\u00bbmiddle\u00a0\u00bb css=\u00a0\u00bb.vc_custom_1592818944657{padding-bottom: 80px !important;}\u00a0\u00bb][vc_column width=\u00a0\u00bb1\/2&Prime;][vc_column_text css=\u00a0\u00bb\u00a0\u00bb]INTERIM CO est une agence d\u2019emploi sp\u00e9cialis\u00e9e dans le domaine m\u00e9dical.<\/p>\n<p>Des professionnels du recrutement sont \u00e0 votre \u00e9coute pour vous apporter des solutions efficaces et des prestations de qualit\u00e9 correspondant \u00e0 vos attentes.<\/p>\n<p>Nous sommes \u00e0 votre service sur toutes nos <a href=\"https:\/\/interimco.fr\/nos-agences\/\" rel=\"\"><strong>agences nationales<\/strong><\/a>.<\/p>\n<p><strong>INTERIM CO s\u2019occupe de tout<\/strong> : Le <strong>Recrutement<\/strong>, les <strong>D\u00e9marches Pr\u00e9alable \u00e0 l\u2019Embauche<\/strong> : DUE, Contrat de Travail, <strong>l\u2019ensemble des documents du salari\u00e9<\/strong> : Bulletin de Paye, Certificat de Travail, Attestation P\u00f4le Emploi, le Paiement du Personnel.[\/vc_column_text][\/vc_column][vc_column width=\u00a0\u00bb1\/2&Prime;]<style type=\"text\/css\" data-type=\"the7_shortcodes-inline-css\">.shortcode-single-image-wrap.shortcode-single-image-40bd8ff72703e28102a5797b7072c17f.enable-bg-rollover .rollover i,\n.shortcode-single-image-wrap.shortcode-single-image-40bd8ff72703e28102a5797b7072c17f.enable-bg-rollover .rollover-video i {\n  background: -webkit-linear-gradient();\n  background: linear-gradient();\n}\n.shortcode-single-image-wrap.shortcode-single-image-40bd8ff72703e28102a5797b7072c17f .rollover-icon {\n  font-size: 32px;\n  color: #ffffff;\n  min-width: 44px;\n  min-height: 44px;\n  line-height: 44px;\n  border-radius: 100px;\n  border-style: solid;\n  border-width: 0px;\n}\n.dt-icon-bg-on.shortcode-single-image-wrap.shortcode-single-image-40bd8ff72703e28102a5797b7072c17f .rollover-icon {\n  background: rgba(255,255,255,0.3);\n  box-shadow: none;\n}<\/style><div class=\"shortcode-single-image-wrap shortcode-single-image-40bd8ff72703e28102a5797b7072c17f alignnone  enable-bg-rollover dt-icon-bg-off\" style=\"margin-top:0px; margin-bottom:0px; margin-left:0px; margin-right:0px; width:500px;\"><div class=\"shortcode-single-image\"><div class=\"fancy-media-wrap  layzr-bg\" style=\"border-radius:5px;\"><img fetchpriority=\"high\" decoding=\"async\" class=\"preload-me lazy-load aspect\" src=\"data:image\/svg+xml,%3Csvg%20xmlns%3D&#39;http%3A%2F%2Fwww.w3.org%2F2000%2Fsvg&#39;%20viewBox%3D&#39;0%200%20500%20349&#39;%2F%3E\" data-src=\"https:\/\/interimco.fr\/medical\/wp-content\/uploads\/sites\/8\/2020\/06\/agence_interim_co-500x349.jpg\" data-srcset=\"https:\/\/interimco.fr\/medical\/wp-content\/uploads\/sites\/8\/2020\/06\/agence_interim_co-500x349.jpg 500w, https:\/\/interimco.fr\/medical\/wp-content\/uploads\/sites\/8\/2020\/06\/agence_interim_co.jpg 1000w\" loading=\"eager\" sizes=\"(max-width: 500px) 100vw, 500px\" width=\"500\" height=\"349\"  data-dt-location=\"https:\/\/interimco.fr\/medical\/notre-entreprise\/agence_interim_co\/\" style=\"--ratio: 500 \/ 349;border-radius:5px;\" alt=\"\" \/><\/div><\/div><\/div>[\/vc_column][\/vc_row][vc_row equal_height=\u00a0\u00bbyes\u00a0\u00bb content_placement=\u00a0\u00bbmiddle\u00a0\u00bb bg_type=\u00a0\u00bbbg_color\u00a0\u00bb bg_override=\u00a0\u00bbfull\u00a0\u00bb css=\u00a0\u00bb.vc_custom_1741701449933{padding-top: 60px !important;padding-bottom: 30px !important;}\u00a0\u00bb bg_color_value=\u00a0\u00bb#00B70C\u00a0\u00bb][vc_column width=\u00a0\u00bb1\/2&Prime; css=\u00a0\u00bb.vc_custom_1580038666315{padding-bottom: 30px !important;}\u00a0\u00bb offset=\u00a0\u00bbvc_col-lg-8 vc_col-md-7&Prime;]<div id=\"ultimate-heading-870769f35286cc987\" class=\"uvc-heading ult-adjust-bottom-margin ultimate-heading-870769f35286cc987 uvc-5641 \" data-hspacer=\"no_spacer\"  data-halign=\"left\" style=\"text-align:left\"><div class=\"uvc-heading-spacer no_spacer\" style=\"top\"><\/div><div class=\"uvc-main-heading ult-responsive\"  data-ultimate-target='.uvc-heading.ultimate-heading-870769f35286cc987 h2'  data-responsive-json-new='{\"font-size\":\"mobile_landscape:24px;\",\"line-height\":\"mobile_landscape:34px;\"}' ><h2 style=\"--font-weight:theme;color:#ffffff;\">AUCUN ABONNEMENT. N\u2019h\u00e9sitez pas \u00e0 nous contacter !<\/h2><\/div><\/div>[\/vc_column][vc_column width=\u00a0\u00bb1\/2&Prime; css=\u00a0\u00bb.vc_custom_1580038658810{padding-bottom: 30px !important;}\u00a0\u00bb offset=\u00a0\u00bbvc_col-lg-4 vc_col-md-5&Prime;]<style type=\"text\/css\" data-type=\"the7_shortcodes-inline-css\">#default-btn-c46455f9ab69a5d27bbc040cdd8f593c {\n  border-radius: 5px;\n  font-size: 20px;\n  line-height: 22px;\n}\n.btn-shadow#default-btn-c46455f9ab69a5d27bbc040cdd8f593c {\n  box-shadow: 0 1px 6px rgba(0,0,0,0.12);\n  transition: box-shadow 0.2s ease-out, opacity 0.45s;\n}\n.btn-shadow#default-btn-c46455f9ab69a5d27bbc040cdd8f593c:hover {\n  box-shadow: 0 5px 11px 0 rgba(0,0,0,0.18), 0 4px 15px 0 rgba(0,0,0,0.15);\n}\n.btn-3d#default-btn-c46455f9ab69a5d27bbc040cdd8f593c:hover {\n  box-shadow: 0px 2px 0px 0px #e0e0e0;\n}\n.btn-flat#default-btn-c46455f9ab69a5d27bbc040cdd8f593c {\n  box-shadow: none;\n}\n.btn-flat#default-btn-c46455f9ab69a5d27bbc040cdd8f593c:hover {\n  box-shadow: none;\n}\n#default-btn-c46455f9ab69a5d27bbc040cdd8f593c.ico-right-side > i {\n  margin-right: 0px;\n  margin-left: 15px;\n}\n#default-btn-c46455f9ab69a5d27bbc040cdd8f593c > i {\n  margin-right: 15px;\n  font-size: 24px;\n}\n#default-btn-c46455f9ab69a5d27bbc040cdd8f593c:not(:hover) {\n  border-width: 3px;\n  border-color: #ffffff !important;\n  color: #ffffff;\n  background: none !important;\n  padding: 18px 10px 18px 10px;\n}\n#default-btn-c46455f9ab69a5d27bbc040cdd8f593c:not(:hover) * {\n  color: #ffffff;\n}\n#default-btn-c46455f9ab69a5d27bbc040cdd8f593c:hover {\n  border-width: 0px;\n  color: #1e73be;\n  background: #ffffff !important;\n  padding: 21px 13px 21px 13px;\n}\n#default-btn-c46455f9ab69a5d27bbc040cdd8f593c:hover * {\n  color: #1e73be;\n}\n#default-btn-c46455f9ab69a5d27bbc040cdd8f593c.ico-right-side > i {\n  margin-right: 0px;\n  margin-left: 15px;\n}\n#default-btn-c46455f9ab69a5d27bbc040cdd8f593c > i {\n  margin-right: 15px;\n}<\/style><div class=\"btn-align-center\"><a href=\"https:\/\/interimco.fr\/clients\/passez-vos-offres-demploi\/\" class=\"default-btn-shortcode dt-btn link-hover-off full-width-btn btn-flat \" id=\"default-btn-c46455f9ab69a5d27bbc040cdd8f593c\" title=\"passez vos offres d\u2019emploi\"><i class=\"icomoon-the7-font-the7-arrow-21\"><\/i><span>passez vos offres d&#8217;emploi<\/span><\/a><\/div>[\/vc_column][\/vc_row]<\/p>\n<\/div>","protected":false},"excerpt":{"rendered":"<p>[vc_row full_width=\u00a0\u00bbstretch_row\u00a0\u00bb gap=\u00a0\u00bb30&Prime; equal_height=\u00a0\u00bbyes\u00a0\u00bb content_placement=\u00a0\u00bbmiddle\u00a0\u00bb css=\u00a0\u00bb.vc_custom_1592818944657{padding-bottom: 80px !important;}\u00a0\u00bb][vc_column width=\u00a0\u00bb1\/2&Prime;][vc_column_text css=\u00a0\u00bb\u00a0\u00bb]INTERIM CO est une agence d\u2019emploi sp\u00e9cialis\u00e9e dans le domaine m\u00e9dical. Des professionnels du recrutement sont \u00e0 votre \u00e9coute pour vous apporter des solutions efficaces et des prestations de qualit\u00e9 correspondant \u00e0 vos attentes. Nous sommes \u00e0 votre service sur toutes nos agences nationales. INTERIM CO&hellip;<\/p>\n","protected":false},"author":1,"featured_media":0,"parent":0,"menu_order":0,"comment_status":"closed","ping_status":"closed","template":"","meta":{"footnotes":""},"class_list":["post-3262","page","type-page","status-publish","hentry","description-off"],"_links":{"self":[{"href":"https:\/\/interimco.fr\/medical\/wp-json\/wp\/v2\/pages\/3262","targetHints":{"allow":["GET"]}}],"collection":[{"href":"https:\/\/interimco.fr\/medical\/wp-json\/wp\/v2\/pages"}],"about":[{"href":"https:\/\/interimco.fr\/medical\/wp-json\/wp\/v2\/types\/page"}],"author":[{"embeddable":true,"href":"https:\/\/interimco.fr\/medical\/wp-json\/wp\/v2\/users\/1"}],"replies":[{"embeddable":true,"href":"https:\/\/interimco.fr\/medical\/wp-json\/wp\/v2\/comments?post=3262"}],"version-history":[{"count":5,"href":"https:\/\/interimco.fr\/medical\/wp-json\/wp\/v2\/pages\/3262\/revisions"}],"predecessor-version":[{"id":3671,"href":"https:\/\/interimco.fr\/medical\/wp-json\/wp\/v2\/pages\/3262\/revisions\/3671"}],"wp:attachment":[{"href":"https:\/\/interimco.fr\/medical\/wp-json\/wp\/v2\/media?parent=3262"}],"curies":[{"name":"wp","href":"https:\/\/api.w.org\/{rel}","templated":true}]}}