{"id":3250,"date":"2020-06-24T09:01:50","date_gmt":"2020-06-24T07:01:50","guid":{"rendered":"https:\/\/interimco.fr\/logistique\/?page_id=3250"},"modified":"2025-03-11T15:55:54","modified_gmt":"2025-03-11T13:55:54","slug":"anciens-dirigeants-seniors","status":"publish","type":"page","link":"https:\/\/interimco.fr\/medical\/candidats\/anciens-dirigeants-seniors\/","title":{"rendered":"Anciens dirigeants &#038; seniors"},"content":{"rendered":"<div class=\"wpb-content-wrapper\"><p>[vc_row full_width=\u00a0\u00bbstretch_row\u00a0\u00bb gap=\u00a0\u00bb30&Prime; equal_height=\u00a0\u00bbyes\u00a0\u00bb content_placement=\u00a0\u00bbmiddle\u00a0\u00bb css=\u00a0\u00bb.vc_custom_1592818944657{padding-bottom: 80px !important;}\u00a0\u00bb][vc_column width=\u00a0\u00bb1\/2&Prime;][vc_column_text]<strong>Vous avez vendu votre affaire<\/strong> :<\/p>\n<p>INTERIM CO peut vous permettre de trouver une place en fonction de vos disponibilit\u00e9s tout en b\u00e9n\u00e9ficiant des prestations sociales vous permettant \u00e9ventuellement de compl\u00e9ter vos droits:<\/p>\n<ul>\n<li>Points Retraite<\/li>\n<li>Ch\u00f4mage<\/li>\n<li>S\u00e9curit\u00e9 Sociale<\/li>\n<li>Mutuelle( sous condition)<\/li>\n<\/ul>\n<p>Travailler pour INTERIM CO vous permet \u00e9galement de ne pas toucher \u00e0 votre capital en cas de recherche d\u2019une nouvelle affaire et de b\u00e9n\u00e9ficier de certaines dispositions favorables en cas de cr\u00e9ation d\u2019une nouvelle entreprise.<\/p>\n<p>Nos sp\u00e9cialistes sont \u00e0 votre disposition.[\/vc_column_text][\/vc_column][vc_column width=\u00a0\u00bb1\/2&Prime;]<style type=\"text\/css\" data-type=\"the7_shortcodes-inline-css\">.shortcode-single-image-wrap.shortcode-single-image-5acf9001a223e72ddc06833a29057180.enable-bg-rollover .rollover i,\n.shortcode-single-image-wrap.shortcode-single-image-5acf9001a223e72ddc06833a29057180.enable-bg-rollover .rollover-video i {\n  background: -webkit-linear-gradient();\n  background: linear-gradient();\n}\n.shortcode-single-image-wrap.shortcode-single-image-5acf9001a223e72ddc06833a29057180 .rollover-icon {\n  font-size: 32px;\n  color: #ffffff;\n  min-width: 44px;\n  min-height: 44px;\n  line-height: 44px;\n  border-radius: 100px;\n  border-style: solid;\n  border-width: 0px;\n}\n.dt-icon-bg-on.shortcode-single-image-wrap.shortcode-single-image-5acf9001a223e72ddc06833a29057180 .rollover-icon {\n  background: rgba(255,255,255,0.3);\n  box-shadow: none;\n}<\/style><div class=\"shortcode-single-image-wrap shortcode-single-image-5acf9001a223e72ddc06833a29057180 alignnone  enable-bg-rollover dt-icon-bg-off\" style=\"margin-top:0px; margin-bottom:0px; margin-left:0px; margin-right:0px; width:500px;\"><div class=\"shortcode-single-image\"><div class=\"fancy-media-wrap  layzr-bg\" style=\"border-radius:5px;\"><img fetchpriority=\"high\" decoding=\"async\" class=\"preload-me lazy-load aspect\" src=\"data:image\/svg+xml,%3Csvg%20xmlns%3D&#39;http%3A%2F%2Fwww.w3.org%2F2000%2Fsvg&#39;%20viewBox%3D&#39;0%200%20500%20333&#39;%2F%3E\" data-src=\"https:\/\/interimco.fr\/medical\/wp-content\/uploads\/sites\/8\/2020\/06\/interimco_seniors-500x333.jpg\" data-srcset=\"https:\/\/interimco.fr\/medical\/wp-content\/uploads\/sites\/8\/2020\/06\/interimco_seniors-500x333.jpg 500w, https:\/\/interimco.fr\/medical\/wp-content\/uploads\/sites\/8\/2020\/06\/interimco_seniors.jpg 1000w\" loading=\"eager\" sizes=\"(max-width: 500px) 100vw, 500px\" width=\"500\" height=\"333\"  data-dt-location=\"https:\/\/interimco.fr\/medical\/candidats\/anciens-dirigeants-seniors\/interimco_seniors\/\" style=\"--ratio: 500 \/ 333;border-radius:5px;\" alt=\"\" \/><\/div><\/div><\/div>[\/vc_column][\/vc_row][vc_row equal_height=\u00a0\u00bbyes\u00a0\u00bb content_placement=\u00a0\u00bbmiddle\u00a0\u00bb bg_type=\u00a0\u00bbbg_color\u00a0\u00bb bg_override=\u00a0\u00bbfull\u00a0\u00bb css=\u00a0\u00bb.vc_custom_1741701352539{padding-top: 60px !important;padding-bottom: 30px !important;}\u00a0\u00bb bg_color_value=\u00a0\u00bb#00B70C\u00a0\u00bb][vc_column width=\u00a0\u00bb1\/2&Prime; css=\u00a0\u00bb.vc_custom_1580038666315{padding-bottom: 30px !important;}\u00a0\u00bb offset=\u00a0\u00bbvc_col-lg-8 vc_col-md-7&Prime;]<div id=\"ultimate-heading-379069e88855111b7\" class=\"uvc-heading ult-adjust-bottom-margin ultimate-heading-379069e88855111b7 uvc-9670 \" data-hspacer=\"no_spacer\"  data-halign=\"left\" style=\"text-align:left\"><div class=\"uvc-heading-spacer no_spacer\" style=\"top\"><\/div><div class=\"uvc-main-heading ult-responsive\"  data-ultimate-target='.uvc-heading.ultimate-heading-379069e88855111b7 h2'  data-responsive-json-new='{\"font-size\":\"mobile_landscape:24px;\",\"line-height\":\"mobile_landscape:34px;\"}' ><h2 style=\"--font-weight:theme;color:#ffffff;\">Nous recrutons en permanence !<\/h2><\/div><div class=\"uvc-sub-heading ult-responsive\"  data-ultimate-target='.uvc-heading.ultimate-heading-379069e88855111b7 .uvc-sub-heading '  data-responsive-json-new='{\"font-size\":\"\",\"line-height\":\"\"}'  style=\"font-weight:normal;\"><span style=\"color: #ffffff;\">(D\u00e9poser rapidement votre candidature)<\/span><\/div><\/div>[\/vc_column][vc_column width=\u00a0\u00bb1\/2&Prime; css=\u00a0\u00bb.vc_custom_1580038658810{padding-bottom: 30px !important;}\u00a0\u00bb offset=\u00a0\u00bbvc_col-lg-4 vc_col-md-5&Prime;]<style type=\"text\/css\" data-type=\"the7_shortcodes-inline-css\">#default-btn-964da04782571d792b715c61f00cac87 {\n  border-radius: 5px;\n  font-size: 20px;\n  line-height: 22px;\n}\n.btn-shadow#default-btn-964da04782571d792b715c61f00cac87 {\n  box-shadow: 0 1px 6px rgba(0,0,0,0.12);\n  transition: box-shadow 0.2s ease-out, opacity 0.45s;\n}\n.btn-shadow#default-btn-964da04782571d792b715c61f00cac87:hover {\n  box-shadow: 0 5px 11px 0 rgba(0,0,0,0.18), 0 4px 15px 0 rgba(0,0,0,0.15);\n}\n.btn-3d#default-btn-964da04782571d792b715c61f00cac87:hover {\n  box-shadow: 0px 2px 0px 0px #e0e0e0;\n}\n.btn-flat#default-btn-964da04782571d792b715c61f00cac87 {\n  box-shadow: none;\n}\n.btn-flat#default-btn-964da04782571d792b715c61f00cac87:hover {\n  box-shadow: none;\n}\n#default-btn-964da04782571d792b715c61f00cac87.ico-right-side > i {\n  margin-right: 0px;\n  margin-left: 15px;\n}\n#default-btn-964da04782571d792b715c61f00cac87 > i {\n  margin-right: 15px;\n  font-size: 24px;\n}\n#default-btn-964da04782571d792b715c61f00cac87:not(:hover) {\n  border-width: 3px;\n  border-color: #ffffff !important;\n  color: #ffffff;\n  background: none !important;\n  padding: 18px 10px 18px 10px;\n}\n#default-btn-964da04782571d792b715c61f00cac87:not(:hover) * {\n  color: #ffffff;\n}\n#default-btn-964da04782571d792b715c61f00cac87:hover {\n  border-width: 0px;\n  color: #1e73be;\n  background: #ffffff !important;\n  padding: 21px 13px 21px 13px;\n}\n#default-btn-964da04782571d792b715c61f00cac87:hover * {\n  color: #1e73be;\n}\n#default-btn-964da04782571d792b715c61f00cac87.ico-right-side > i {\n  margin-right: 0px;\n  margin-left: 15px;\n}\n#default-btn-964da04782571d792b715c61f00cac87 > i {\n  margin-right: 15px;\n}<\/style><div class=\"btn-align-center\"><a href=\"https:\/\/interimco.fr\/candidats\/depot-de-cv\/\" class=\"default-btn-shortcode dt-btn link-hover-off full-width-btn btn-flat \" id=\"default-btn-964da04782571d792b715c61f00cac87\" title=\"d\u00e9pot de CV\"><i class=\"fas fa-file-pdf\"><\/i><span>d\u00e9pot de cv<\/span><\/a><\/div>[\/vc_column][\/vc_row][vc_row full_width=\u00a0\u00bbstretch_row\u00a0\u00bb css=\u00a0\u00bb.vc_custom_1592819347676{padding-top: 50px !important;padding-bottom: 50px !important;background-color: #f5f5f5 !important;}\u00a0\u00bb][vc_column width=\u00a0\u00bb1\/2&Prime;]<style type=\"text\/css\" data-type=\"the7_shortcodes-inline-css\">.shortcode-single-image-wrap.shortcode-single-image-f44d5106bd2023aad8d0e8eb5aec61f9.enable-bg-rollover .rollover i,\n.shortcode-single-image-wrap.shortcode-single-image-f44d5106bd2023aad8d0e8eb5aec61f9.enable-bg-rollover .rollover-video i {\n  background: -webkit-linear-gradient();\n  background: linear-gradient();\n}\n.shortcode-single-image-wrap.shortcode-single-image-f44d5106bd2023aad8d0e8eb5aec61f9 .rollover-icon {\n  font-size: 32px;\n  color: #ffffff;\n  min-width: 44px;\n  min-height: 44px;\n  line-height: 44px;\n  border-radius: 100px;\n  border-style: solid;\n  border-width: 0px;\n}\n.dt-icon-bg-on.shortcode-single-image-wrap.shortcode-single-image-f44d5106bd2023aad8d0e8eb5aec61f9 .rollover-icon {\n  background: rgba(255,255,255,0.3);\n  box-shadow: none;\n}<\/style><div class=\"shortcode-single-image-wrap shortcode-single-image-f44d5106bd2023aad8d0e8eb5aec61f9 alignnone  enable-bg-rollover dt-icon-bg-off\" style=\"margin-top:0px; margin-bottom:0px; margin-left:0px; margin-right:0px; width:500px;\"><div class=\"shortcode-single-image\"><div class=\"fancy-media-wrap  layzr-bg\" style=\"border-radius:5px;\"><img decoding=\"async\" class=\"preload-me lazy-load aspect\" src=\"data:image\/svg+xml,%3Csvg%20xmlns%3D&#39;http%3A%2F%2Fwww.w3.org%2F2000%2Fsvg&#39;%20viewBox%3D&#39;0%200%20500%20333&#39;%2F%3E\" data-src=\"https:\/\/interimco.fr\/medical\/wp-content\/uploads\/sites\/8\/2020\/06\/APPRENTISSAGE-500x333.jpg\" data-srcset=\"https:\/\/interimco.fr\/medical\/wp-content\/uploads\/sites\/8\/2020\/06\/APPRENTISSAGE-500x333.jpg 500w, https:\/\/interimco.fr\/medical\/wp-content\/uploads\/sites\/8\/2020\/06\/APPRENTISSAGE.jpg 1000w\" loading=\"eager\" sizes=\"(max-width: 500px) 100vw, 500px\" width=\"500\" height=\"333\"  data-dt-location=\"https:\/\/interimco.fr\/medical\/clients\/apprentissage\/apprentissage\/\" style=\"--ratio: 500 \/ 333;border-radius:5px;\" alt=\"\" \/><\/div><\/div><\/div>[\/vc_column][vc_column width=\u00a0\u00bb1\/2&Prime;][vc_column_text]<strong>S\u00e9niors <\/strong>:<\/p>\n<p>Vous avez 50 ans ou plus, INTERIM CO agit concr\u00e8tement pour vous.<\/p>\n<p>En effet, pour INTERIM CO, les s\u00e9niors sont un atout pour l\u2019entreprise, par leur exp\u00e9rience, leur connaissance du m\u00e9tier, ils apportent un gage de s\u00e9rieux et de professionnalisme.<\/p>\n<p>Nous nous adaptons \u00e0 vos demandes, \u00e0 vos horaires, \u00e0 vos contraintes afin de trouver les missions qui vous conviennent.<br \/>\n<strong><br \/>\nB\u00e9n\u00e9ficier d\u2019une Surcote<\/strong> : La surcote est une majoration de la pension de retraite de base dont b\u00e9n\u00e9ficient les assur\u00e9s qui continuent de travailler apr\u00e8s 60 ans et au-del\u00e0 de la dur\u00e9e d\u2019assurance n\u00e9cessaire pour une retraite \u00e0 taux plein (soit160 trimestres d\u2019assurance pour les assur\u00e9s n\u00e9s avant 1949. Depuis le 1erjanvier 2009, cette dur\u00e9e augmente d\u2019un trimestre par an pour les assur\u00e9s n\u00e9s \u00e0 partir de 1949 ; elle est ainsi actuellement fix\u00e9e \u00e0 161 trimestres pour les assur\u00e9s n\u00e9s en 1949, 162 pour les assur\u00e9s n\u00e9s en 1950, 163 pour ceux n\u00e9s en 1951 et 164 pour ceux n\u00e9s en 1952et au-del\u00e0).<\/p>\n<p>Les r\u00e8gles applicables au calcul de la surcote diff\u00e8rent selon la date de liquidation de la pension.<\/p>\n<p><strong>Retraite progressive<\/strong> : La retraite progressive permet aux salari\u00e9s \u00e2g\u00e9s d\u2019au moins 60 ans de travailler \u00e0 temps partiel tout en b\u00e9n\u00e9ficiant d\u2019une fraction de leur pension de retraite (retraite de base et compl\u00e9mentaires). Depuis le 1er juillet 2006, les conditions pour b\u00e9n\u00e9ficier du dispositif ont \u00e9t\u00e9 assouplies : la retraite progressive est d\u00e9sormais ouverte aux salari\u00e9s justifiant de 150 trimestres valid\u00e9s au titre de l\u2019assurance vieillesse. Les droits des salari\u00e9s ont \u00e9t\u00e9 \u00e9galement am\u00e9lior\u00e9s puisque les cotisations vers\u00e9es pendant la p\u00e9riode de retraite progressive seront prises en compte au moment de la liquidation d\u00e9finitive de la retraite.<\/p>\n<p><strong>Cumul Emploi-Retraite<\/strong> : Depuis le 1er janvier 2009, sous r\u00e9serve que l\u2019assur\u00e9 ait liquid\u00e9 ses pensions de vieillesse personnelles aupr\u00e8s de la totalit\u00e9 des r\u00e9gimes l\u00e9gaux ou rendus l\u00e9galement obligatoires, de base et compl\u00e9mentaires, fran\u00e7ais et \u00e9trangers, ainsi que des r\u00e9gimes des organisations internationales dont il a relev\u00e9, une pension de vieillesse peut \u00eatre enti\u00e8rement cumul\u00e9e avec une activit\u00e9 professionnelle.[\/vc_column_text][\/vc_column][\/vc_row]<\/p>\n<\/div>","protected":false},"excerpt":{"rendered":"<p>[vc_row full_width=\u00a0\u00bbstretch_row\u00a0\u00bb gap=\u00a0\u00bb30&Prime; equal_height=\u00a0\u00bbyes\u00a0\u00bb content_placement=\u00a0\u00bbmiddle\u00a0\u00bb css=\u00a0\u00bb.vc_custom_1592818944657{padding-bottom: 80px !important;}\u00a0\u00bb][vc_column width=\u00a0\u00bb1\/2&Prime;][vc_column_text]Vous avez vendu votre affaire : INTERIM CO peut vous permettre de trouver une place en fonction de vos disponibilit\u00e9s tout en b\u00e9n\u00e9ficiant des prestations sociales vous permettant \u00e9ventuellement de compl\u00e9ter vos droits: Points Retraite Ch\u00f4mage S\u00e9curit\u00e9 Sociale Mutuelle( sous condition) Travailler pour INTERIM CO vous permet&hellip;<\/p>\n","protected":false},"author":1,"featured_media":0,"parent":3234,"menu_order":0,"comment_status":"closed","ping_status":"closed","template":"","meta":{"footnotes":""},"class_list":["post-3250","page","type-page","status-publish","hentry","description-off"],"_links":{"self":[{"href":"https:\/\/interimco.fr\/medical\/wp-json\/wp\/v2\/pages\/3250","targetHints":{"allow":["GET"]}}],"collection":[{"href":"https:\/\/interimco.fr\/medical\/wp-json\/wp\/v2\/pages"}],"about":[{"href":"https:\/\/interimco.fr\/medical\/wp-json\/wp\/v2\/types\/page"}],"author":[{"embeddable":true,"href":"https:\/\/interimco.fr\/medical\/wp-json\/wp\/v2\/users\/1"}],"replies":[{"embeddable":true,"href":"https:\/\/interimco.fr\/medical\/wp-json\/wp\/v2\/comments?post=3250"}],"version-history":[{"count":6,"href":"https:\/\/interimco.fr\/medical\/wp-json\/wp\/v2\/pages\/3250\/revisions"}],"predecessor-version":[{"id":3669,"href":"https:\/\/interimco.fr\/medical\/wp-json\/wp\/v2\/pages\/3250\/revisions\/3669"}],"up":[{"embeddable":true,"href":"https:\/\/interimco.fr\/medical\/wp-json\/wp\/v2\/pages\/3234"}],"wp:attachment":[{"href":"https:\/\/interimco.fr\/medical\/wp-json\/wp\/v2\/media?parent=3250"}],"curies":[{"name":"wp","href":"https:\/\/api.w.org\/{rel}","templated":true}]}}