{"id":3234,"date":"2020-06-23T10:15:39","date_gmt":"2020-06-23T08:15:39","guid":{"rendered":"https:\/\/interimco.fr\/logistique\/?page_id=3234"},"modified":"2025-03-11T15:52:52","modified_gmt":"2025-03-11T13:52:52","slug":"candidats","status":"publish","type":"page","link":"https:\/\/interimco.fr\/medical\/candidats\/","title":{"rendered":"Candidats"},"content":{"rendered":"<div class=\"wpb-content-wrapper\"><p>[vc_row full_width=\u00a0\u00bbstretch_row\u00a0\u00bb gap=\u00a0\u00bb30&Prime; equal_height=\u00a0\u00bbyes\u00a0\u00bb content_placement=\u00a0\u00bbmiddle\u00a0\u00bb css=\u00a0\u00bb.vc_custom_1592818944657{padding-bottom: 80px !important;}\u00a0\u00bb][vc_column width=\u00a0\u00bb1\/2&Prime;][vc_column_text]INTERIM CO existe depuis 15 ans. Elle reste \u00e0 taille humaine au service des candidats et des int\u00e9rimaires. Nous sommes particuli\u00e8rement attach\u00e9s \u00e0 cr\u00e9er un lien de confiance afin de vous confier les missions qui correspondent \u00e0 vos attentes. Nous proposons de l\u2019int\u00e9rim, CDD, Extra, et\/ou des CDI.<\/p>\n<p>Nous avons \u00e9galement d\u00e9velopp\u00e9s des logiciels d\u2019intelligence artificielle permettant de r\u00e9pondre rapidement \u00e0 chacune de vos candidatures et de vous trouver le poste le plus proche de vos comp\u00e9tences et disponibilit\u00e9s.<\/p>\n<p>Nous savons pourtant que rien ne peut remplacer votre Consultant INTERIM CO. Il vous accueillera et vous apportera au quotidien des services et des conseils personnalis\u00e9s selon vos attentes :<\/p>\n<p>\u2022 Proximit\u00e9 des postes propos\u00e9s<br \/>\n\u2022 Comp\u00e9tences valoris\u00e9es<br \/>\n\u2022 Formation ad\u00e9quate pour augmenter votre employabilit\u00e9<br \/>\n\u2022 Mutuelle<br \/>\n\u2022 Nous travaillons \u00e9galement avec des partenaires pour vous fournir tous les services dont vous pourriez avoir besoin au quotidien<\/p>\n<p>Nous avons \u00e9galement d\u00e9velopp\u00e9 pour ne pas vous faire perdre de temps en transport :<\/p>\n<p>\u2022 les vid\u00e9os \u2013entretiens.<br \/>\n\u2022 la transmission par voie d\u00e9mat\u00e9rialis\u00e9 de l\u2019ensemble des documents indispensables \u00e0 votre embauche via un logiciel d\u00e9di\u00e9 tr\u00e8s facile d\u2019utilisation accessible \u00e0 partir d\u2019un simple t\u00e9l\u00e9phone.<\/p>\n<p>Vous pourrez ainsi nous transmettre sans difficult\u00e9 votre :<\/p>\n<p>\u2022 Carte nationale d\u2019identit\u00e9 ou titre de s\u00e9jour valide et autorisant le travail sur le territoire fran\u00e7ais<br \/>\n\u2022 Justificatif de domicile de l\u2019ann\u00e9e en cours<br \/>\n\u2022 Relev\u00e9 d\u2019identit\u00e9 bancaire (RIB)<br \/>\n\u2022 Visite m\u00e9dicale de moins de 2 ans<br \/>\n\u2022 Carte BTP si vous en poss\u00e9dez d\u00e9j\u00e0 une<br \/>\n\u2022 CV<br \/>\n\u2022 Dipl\u00f4mes \u00e9ventuels<br \/>\n\u2022 Permis de conduire<br \/>\n\u2022 Certifications<br \/>\n\u2022 Habilitations<br \/>\n\u2022 Vos trois derniers bulletins de salaire<br \/>\n\u2022 Votre dernier contrat de travail<br \/>\n\u2022 Vos certificats de travail<\/p>\n<p>D\u2019autre part, sur simple demande vos contrats pourront \u00eatre sign\u00e9s \u00e9lectroniquement sans \u00eatre oblig\u00e9s de vous d\u00e9placer \u00e0 chaque fois au sein de l\u2019Agence.<\/p>\n<p>Vos bulletins de paye seront \u00e9galement transmis \u00e9lectroniquement ainsi que l\u2019ensemble de vos documents sociaux toujours dans un souci de diminuer vos contraintes.<\/p>\n<p><strong>ECOUTE, PROXIMITE, ADEQUATION AVEC VOS ATTENTES<\/strong>[\/vc_column_text][\/vc_column][vc_column width=\u00a0\u00bb1\/2&Prime; css=\u00a0\u00bb.vc_custom_1596115601498{padding-top: 80px !important;padding-bottom: 40px !important;}\u00a0\u00bb]<style type=\"text\/css\" data-type=\"the7_shortcodes-inline-css\">.shortcode-single-image-wrap.shortcode-single-image-c43f48bd113a990d1f74e7bf9f8b47ab.enable-bg-rollover .rollover i,\n.shortcode-single-image-wrap.shortcode-single-image-c43f48bd113a990d1f74e7bf9f8b47ab.enable-bg-rollover .rollover-video i {\n  background: -webkit-linear-gradient();\n  background: linear-gradient();\n}\n.shortcode-single-image-wrap.shortcode-single-image-c43f48bd113a990d1f74e7bf9f8b47ab .rollover-icon {\n  font-size: 32px;\n  color: #ffffff;\n  min-width: 44px;\n  min-height: 44px;\n  line-height: 44px;\n  border-radius: 100px;\n  border-style: solid;\n  border-width: 0px;\n}\n.dt-icon-bg-on.shortcode-single-image-wrap.shortcode-single-image-c43f48bd113a990d1f74e7bf9f8b47ab .rollover-icon {\n  background: rgba(255,255,255,0.3);\n  box-shadow: none;\n}<\/style><div class=\"shortcode-single-image-wrap shortcode-single-image-c43f48bd113a990d1f74e7bf9f8b47ab alignnone  enable-bg-rollover dt-icon-bg-off\" style=\"margin-top:0px; margin-bottom:0px; margin-left:0px; margin-right:0px; width:500px;\"><div class=\"shortcode-single-image\"><div class=\"fancy-media-wrap  layzr-bg\" style=\"border-radius:5px;\"><img fetchpriority=\"high\" decoding=\"async\" class=\"preload-me lazy-load aspect\" src=\"data:image\/svg+xml,%3Csvg%20xmlns%3D&#39;http%3A%2F%2Fwww.w3.org%2F2000%2Fsvg&#39;%20viewBox%3D&#39;0%200%20500%20333&#39;%2F%3E\" data-src=\"https:\/\/interimco.fr\/medical\/wp-content\/uploads\/sites\/8\/2025\/03\/medical2-interim-co-500x333.jpg\" data-srcset=\"https:\/\/interimco.fr\/medical\/wp-content\/uploads\/sites\/8\/2025\/03\/medical2-interim-co-500x333.jpg 500w, https:\/\/interimco.fr\/medical\/wp-content\/uploads\/sites\/8\/2025\/03\/medical2-interim-co-1000x666.jpg 1000w\" loading=\"eager\" sizes=\"(max-width: 500px) 100vw, 500px\" width=\"500\" height=\"333\"  data-dt-location=\"https:\/\/interimco.fr\/medical\/home\/multiethnicbusinessteamofhappycoworkersinformalclothesmaking\/\" style=\"--ratio: 500 \/ 333;border-radius:5px;\" alt=\"\" \/><\/div><\/div><\/div>[\/vc_column][\/vc_row][vc_row equal_height=\u00a0\u00bbyes\u00a0\u00bb content_placement=\u00a0\u00bbmiddle\u00a0\u00bb bg_type=\u00a0\u00bbbg_color\u00a0\u00bb bg_override=\u00a0\u00bbfull\u00a0\u00bb css=\u00a0\u00bb.vc_custom_1741701169477{padding-top: 60px !important;padding-bottom: 30px !important;}\u00a0\u00bb bg_color_value=\u00a0\u00bb#00B70C\u00a0\u00bb][vc_column width=\u00a0\u00bb1\/2&Prime; css=\u00a0\u00bb.vc_custom_1580038666315{padding-bottom: 30px !important;}\u00a0\u00bb offset=\u00a0\u00bbvc_col-lg-8 vc_col-md-7&Prime;]<div id=\"ultimate-heading-8269e4d85e768be\" class=\"uvc-heading ult-adjust-bottom-margin ultimate-heading-8269e4d85e768be uvc-1700 \" data-hspacer=\"no_spacer\"  data-halign=\"left\" style=\"text-align:left\"><div class=\"uvc-heading-spacer no_spacer\" style=\"top\"><\/div><div class=\"uvc-main-heading ult-responsive\"  data-ultimate-target='.uvc-heading.ultimate-heading-8269e4d85e768be h2'  data-responsive-json-new='{\"font-size\":\"mobile_landscape:24px;\",\"line-height\":\"mobile_landscape:34px;\"}' ><h2 style=\"--font-weight:theme;color:#ffffff;\">Nous recrutons en permanence !<\/h2><\/div><div class=\"uvc-sub-heading ult-responsive\"  data-ultimate-target='.uvc-heading.ultimate-heading-8269e4d85e768be .uvc-sub-heading '  data-responsive-json-new='{\"font-size\":\"\",\"line-height\":\"\"}'  style=\"font-weight:normal;\"><span style=\"color: #ffffff;\">(D\u00e9poser rapidement votre candidature)<\/span><\/div><\/div>[\/vc_column][vc_column width=\u00a0\u00bb1\/2&Prime; css=\u00a0\u00bb.vc_custom_1580038658810{padding-bottom: 30px !important;}\u00a0\u00bb offset=\u00a0\u00bbvc_col-lg-4 vc_col-md-5&Prime;]<style type=\"text\/css\" data-type=\"the7_shortcodes-inline-css\">#default-btn-964da04782571d792b715c61f00cac87 {\n  border-radius: 5px;\n  font-size: 20px;\n  line-height: 22px;\n}\n.btn-shadow#default-btn-964da04782571d792b715c61f00cac87 {\n  box-shadow: 0 1px 6px rgba(0,0,0,0.12);\n  transition: box-shadow 0.2s ease-out, opacity 0.45s;\n}\n.btn-shadow#default-btn-964da04782571d792b715c61f00cac87:hover {\n  box-shadow: 0 5px 11px 0 rgba(0,0,0,0.18), 0 4px 15px 0 rgba(0,0,0,0.15);\n}\n.btn-3d#default-btn-964da04782571d792b715c61f00cac87:hover {\n  box-shadow: 0px 2px 0px 0px #e0e0e0;\n}\n.btn-flat#default-btn-964da04782571d792b715c61f00cac87 {\n  box-shadow: none;\n}\n.btn-flat#default-btn-964da04782571d792b715c61f00cac87:hover {\n  box-shadow: none;\n}\n#default-btn-964da04782571d792b715c61f00cac87.ico-right-side > i {\n  margin-right: 0px;\n  margin-left: 15px;\n}\n#default-btn-964da04782571d792b715c61f00cac87 > i {\n  margin-right: 15px;\n  font-size: 24px;\n}\n#default-btn-964da04782571d792b715c61f00cac87:not(:hover) {\n  border-width: 3px;\n  border-color: #ffffff !important;\n  color: #ffffff;\n  background: none !important;\n  padding: 18px 10px 18px 10px;\n}\n#default-btn-964da04782571d792b715c61f00cac87:not(:hover) * {\n  color: #ffffff;\n}\n#default-btn-964da04782571d792b715c61f00cac87:hover {\n  border-width: 0px;\n  color: #1e73be;\n  background: #ffffff !important;\n  padding: 21px 13px 21px 13px;\n}\n#default-btn-964da04782571d792b715c61f00cac87:hover * {\n  color: #1e73be;\n}\n#default-btn-964da04782571d792b715c61f00cac87.ico-right-side > i {\n  margin-right: 0px;\n  margin-left: 15px;\n}\n#default-btn-964da04782571d792b715c61f00cac87 > i {\n  margin-right: 15px;\n}<\/style><div class=\"btn-align-center\"><a href=\"https:\/\/interimco.fr\/candidats\/depot-de-cv\/\" class=\"default-btn-shortcode dt-btn link-hover-off full-width-btn btn-flat \" id=\"default-btn-964da04782571d792b715c61f00cac87\" title=\"d\u00e9pot de CV\"><i class=\"fas fa-file-pdf\"><\/i><span>D\u00e9pot de CV<\/span><\/a><\/div>[\/vc_column][\/vc_row]<\/p>\n<\/div>","protected":false},"excerpt":{"rendered":"<p>[vc_row full_width=\u00a0\u00bbstretch_row\u00a0\u00bb gap=\u00a0\u00bb30&Prime; equal_height=\u00a0\u00bbyes\u00a0\u00bb content_placement=\u00a0\u00bbmiddle\u00a0\u00bb css=\u00a0\u00bb.vc_custom_1592818944657{padding-bottom: 80px !important;}\u00a0\u00bb][vc_column width=\u00a0\u00bb1\/2&Prime;][vc_column_text]INTERIM CO existe depuis 15 ans. Elle reste \u00e0 taille humaine au service des candidats et des int\u00e9rimaires. Nous sommes particuli\u00e8rement attach\u00e9s \u00e0 cr\u00e9er un lien de confiance afin de vous confier les missions qui correspondent \u00e0 vos attentes. Nous proposons de l\u2019int\u00e9rim, CDD, Extra, et\/ou des&hellip;<\/p>\n","protected":false},"author":1,"featured_media":0,"parent":0,"menu_order":0,"comment_status":"closed","ping_status":"closed","template":"","meta":{"footnotes":""},"class_list":["post-3234","page","type-page","status-publish","hentry","description-off"],"_links":{"self":[{"href":"https:\/\/interimco.fr\/medical\/wp-json\/wp\/v2\/pages\/3234","targetHints":{"allow":["GET"]}}],"collection":[{"href":"https:\/\/interimco.fr\/medical\/wp-json\/wp\/v2\/pages"}],"about":[{"href":"https:\/\/interimco.fr\/medical\/wp-json\/wp\/v2\/types\/page"}],"author":[{"embeddable":true,"href":"https:\/\/interimco.fr\/medical\/wp-json\/wp\/v2\/users\/1"}],"replies":[{"embeddable":true,"href":"https:\/\/interimco.fr\/medical\/wp-json\/wp\/v2\/comments?post=3234"}],"version-history":[{"count":5,"href":"https:\/\/interimco.fr\/medical\/wp-json\/wp\/v2\/pages\/3234\/revisions"}],"predecessor-version":[{"id":3667,"href":"https:\/\/interimco.fr\/medical\/wp-json\/wp\/v2\/pages\/3234\/revisions\/3667"}],"wp:attachment":[{"href":"https:\/\/interimco.fr\/medical\/wp-json\/wp\/v2\/media?parent=3234"}],"curies":[{"name":"wp","href":"https:\/\/api.w.org\/{rel}","templated":true}]}}