{"id":3240,"date":"2020-06-23T10:32:01","date_gmt":"2020-06-23T08:32:01","guid":{"rendered":"https:\/\/interimco.fr\/hotellerie-restauration\/?page_id=3240"},"modified":"2021-02-23T15:58:37","modified_gmt":"2021-02-23T13:58:37","slug":"interim-extra-cdi","status":"publish","type":"page","link":"https:\/\/interimco.fr\/hotellerie-restauration\/candidats\/interim-extra-cdi\/","title":{"rendered":"interim | extra | CDI"},"content":{"rendered":"<div class=\"wpb-content-wrapper\"><p>[vc_row full_width=\u00a0\u00bbstretch_row\u00a0\u00bb gap=\u00a0\u00bb30&Prime; equal_height=\u00a0\u00bbyes\u00a0\u00bb content_placement=\u00a0\u00bbmiddle\u00a0\u00bb css=\u00a0\u00bb.vc_custom_1592818944657{padding-bottom: 80px !important;}\u00a0\u00bb][vc_column width=\u00a0\u00bb1\/2&Prime;][vc_column_text]Vous avez la possibilit\u00e9 de travailler selon de nombreuses options en fonction de vos envies :<\/p>\n<p><strong>Le travail temporaire et\/ou Extra<\/strong> :<\/p>\n<ul>\n<li>Vous souhaitez <strong>multiplier les exp\u00e9riences professionnelles<\/strong> afin d\u2019<strong>apprendre <\/strong>de nouvelles m\u00e9thodes de fabrication et\/ou de vente ?<\/li>\n<li><strong>Votre vie familiale<\/strong> ne vous permet pas de travailler \u00e0 temps plein, ou selon des horaires pr\u00e9cis ?<\/li>\n<li>Vous souhaitez \u00eatre <strong>ma\u00eetre de votre emploi du temps<\/strong>, de vos vacances ?<\/li>\n<\/ul>\n<p>Le travail temporaire est fait pour vous ![\/vc_column_text][\/vc_column][vc_column width=\u00a0\u00bb1\/2&Prime; css=\u00a0\u00bb.vc_custom_1596116519590{padding-top: 80px !important;padding-bottom: 40px !important;}\u00a0\u00bb]<style type=\"text\/css\" data-type=\"the7_shortcodes-inline-css\">.shortcode-single-image-wrap.shortcode-single-image-1016bf16c6124103c83f6b97253cb268.enable-bg-rollover .rollover i,\n.shortcode-single-image-wrap.shortcode-single-image-1016bf16c6124103c83f6b97253cb268.enable-bg-rollover .rollover-video i {\n  background: -webkit-linear-gradient();\n  background: linear-gradient();\n}\n.shortcode-single-image-wrap.shortcode-single-image-1016bf16c6124103c83f6b97253cb268 .rollover-icon {\n  font-size: 32px;\n  color: #ffffff;\n  min-width: 44px;\n  min-height: 44px;\n  line-height: 44px;\n  border-radius: 100px;\n  border-style: solid;\n  border-width: 0px;\n}\n.dt-icon-bg-on.shortcode-single-image-wrap.shortcode-single-image-1016bf16c6124103c83f6b97253cb268 .rollover-icon {\n  background: rgba(255,255,255,0.3);\n  box-shadow: none;\n}<\/style><div class=\"shortcode-single-image-wrap shortcode-single-image-1016bf16c6124103c83f6b97253cb268 alignnone  enable-bg-rollover dt-icon-bg-off\" style=\"margin-top:0px; margin-bottom:0px; margin-left:0px; margin-right:0px; width:500px;\"><div class=\"shortcode-single-image\"><div class=\"fancy-media-wrap  layzr-bg\" style=\"border-radius:5px;\"><img fetchpriority=\"high\" decoding=\"async\" class=\"preload-me lazy-load aspect\" src=\"data:image\/svg+xml,%3Csvg%20xmlns%3D&#39;http%3A%2F%2Fwww.w3.org%2F2000%2Fsvg&#39;%20viewBox%3D&#39;0%200%20500%20333&#39;%2F%3E\" data-src=\"https:\/\/interimco.fr\/hotellerie-restauration\/wp-content\/uploads\/sites\/5\/2020\/06\/offres_emploi_interim_co-500x333.jpg\" data-srcset=\"https:\/\/interimco.fr\/hotellerie-restauration\/wp-content\/uploads\/sites\/5\/2020\/06\/offres_emploi_interim_co-500x333.jpg 500w, https:\/\/interimco.fr\/hotellerie-restauration\/wp-content\/uploads\/sites\/5\/2020\/06\/offres_emploi_interim_co.jpg 1000w\" loading=\"eager\" sizes=\"(max-width: 500px) 100vw, 500px\" width=\"500\" height=\"333\"  data-dt-location=\"https:\/\/interimco.fr\/hotellerie-restauration\/candidats\/interim-extra-cdi\/offres_emploi_interim_co\/\" style=\"--ratio: 500 \/ 333;border-radius:5px;\" alt=\"\" \/><\/div><\/div><\/div>[\/vc_column][\/vc_row][vc_row equal_height=\u00a0\u00bbyes\u00a0\u00bb content_placement=\u00a0\u00bbmiddle\u00a0\u00bb bg_type=\u00a0\u00bbbg_color\u00a0\u00bb bg_override=\u00a0\u00bbfull\u00a0\u00bb css=\u00a0\u00bb.vc_custom_1596181664715{padding-top: 60px !important;padding-bottom: 30px !important;}\u00a0\u00bb bg_color_value=\u00a0\u00bb#876a50&Prime;][vc_column width=\u00a0\u00bb1\/2&Prime; css=\u00a0\u00bb.vc_custom_1580038666315{padding-bottom: 30px !important;}\u00a0\u00bb offset=\u00a0\u00bbvc_col-lg-8 vc_col-md-7&Prime;]<div id=\"ultimate-heading-694069d4aa0fefc9b\" class=\"uvc-heading ult-adjust-bottom-margin ultimate-heading-694069d4aa0fefc9b uvc-2932 \" data-hspacer=\"no_spacer\"  data-halign=\"left\" style=\"text-align:left\"><div class=\"uvc-heading-spacer no_spacer\" style=\"top\"><\/div><div class=\"uvc-main-heading ult-responsive\"  data-ultimate-target='.uvc-heading.ultimate-heading-694069d4aa0fefc9b h2'  data-responsive-json-new='{\"font-size\":\"mobile_landscape:24px;\",\"line-height\":\"mobile_landscape:34px;\"}' ><h2 style=\"--font-weight:theme;color:#ffffff;\">Nous recrutons en permanence !<\/h2><\/div><div class=\"uvc-sub-heading ult-responsive\"  data-ultimate-target='.uvc-heading.ultimate-heading-694069d4aa0fefc9b .uvc-sub-heading '  data-responsive-json-new='{\"font-size\":\"\",\"line-height\":\"\"}'  style=\"font-weight:normal;\"><span style=\"color: #ffffff;\">(D\u00e9poser rapidement votre candidature)<\/span><\/div><\/div>[\/vc_column][vc_column width=\u00a0\u00bb1\/2&Prime; css=\u00a0\u00bb.vc_custom_1580038658810{padding-bottom: 30px !important;}\u00a0\u00bb offset=\u00a0\u00bbvc_col-lg-4 vc_col-md-5&Prime;]<style type=\"text\/css\" data-type=\"the7_shortcodes-inline-css\">#default-btn-0f65c4d62d95b2f68d60624fcce796fa {\n  border-radius: 5px;\n  font-size: 20px;\n  line-height: 22px;\n}\n.btn-shadow#default-btn-0f65c4d62d95b2f68d60624fcce796fa {\n  box-shadow: 0 1px 6px rgba(0,0,0,0.12);\n  transition: box-shadow 0.2s ease-out, opacity 0.45s;\n}\n.btn-shadow#default-btn-0f65c4d62d95b2f68d60624fcce796fa:hover {\n  box-shadow: 0 5px 11px 0 rgba(0,0,0,0.18), 0 4px 15px 0 rgba(0,0,0,0.15);\n}\n.btn-3d#default-btn-0f65c4d62d95b2f68d60624fcce796fa:hover {\n  box-shadow: 0px 2px 0px 0px #e0e0e0;\n}\n.btn-flat#default-btn-0f65c4d62d95b2f68d60624fcce796fa {\n  box-shadow: none;\n}\n.btn-flat#default-btn-0f65c4d62d95b2f68d60624fcce796fa:hover {\n  box-shadow: none;\n}\n#default-btn-0f65c4d62d95b2f68d60624fcce796fa.ico-right-side > i {\n  margin-right: 0px;\n  margin-left: 15px;\n}\n#default-btn-0f65c4d62d95b2f68d60624fcce796fa > i {\n  margin-right: 15px;\n  font-size: 24px;\n}\n#default-btn-0f65c4d62d95b2f68d60624fcce796fa:not(:hover) {\n  border-width: 3px;\n  border-color: #ffffff !important;\n  color: #ffffff;\n  background: none !important;\n  padding: 18px 10px 18px 10px;\n}\n#default-btn-0f65c4d62d95b2f68d60624fcce796fa:not(:hover) * {\n  color: #ffffff;\n}\n#default-btn-0f65c4d62d95b2f68d60624fcce796fa:hover {\n  border-width: 0px;\n  color: #876a50;\n  background: #ffffff !important;\n  padding: 21px 13px 21px 13px;\n}\n#default-btn-0f65c4d62d95b2f68d60624fcce796fa:hover * {\n  color: #876a50;\n}\n#default-btn-0f65c4d62d95b2f68d60624fcce796fa.ico-right-side > i {\n  margin-right: 0px;\n  margin-left: 15px;\n}\n#default-btn-0f65c4d62d95b2f68d60624fcce796fa > i {\n  margin-right: 15px;\n}<\/style><div class=\"btn-align-center\"><a href=\"https:\/\/interimco.fr\/candidats\/depot-de-cv\/\" class=\"default-btn-shortcode dt-btn link-hover-off full-width-btn btn-flat \" id=\"default-btn-0f65c4d62d95b2f68d60624fcce796fa\" title=\"d\u00e9pot de CV\"><i class=\"fas fa-file-pdf\"><\/i><span>d\u00e9pot de CV<\/span><\/a><\/div>[\/vc_column][\/vc_row][vc_row full_width=\u00a0\u00bbstretch_row\u00a0\u00bb css=\u00a0\u00bb.vc_custom_1592819347676{padding-top: 50px !important;padding-bottom: 50px !important;background-color: #f5f5f5 !important;}\u00a0\u00bb][vc_column width=\u00a0\u00bb1\/2&Prime; css=\u00a0\u00bb.vc_custom_1596116535158{padding-top: 80px !important;padding-bottom: 40px !important;}\u00a0\u00bb]<style type=\"text\/css\" data-type=\"the7_shortcodes-inline-css\">.shortcode-single-image-wrap.shortcode-single-image-da258cdc33fa31c70d99b298fd6b7e41.enable-bg-rollover .rollover i,\n.shortcode-single-image-wrap.shortcode-single-image-da258cdc33fa31c70d99b298fd6b7e41.enable-bg-rollover .rollover-video i {\n  background: -webkit-linear-gradient();\n  background: linear-gradient();\n}\n.shortcode-single-image-wrap.shortcode-single-image-da258cdc33fa31c70d99b298fd6b7e41 .rollover-icon {\n  font-size: 32px;\n  color: #ffffff;\n  min-width: 44px;\n  min-height: 44px;\n  line-height: 44px;\n  border-radius: 100px;\n  border-style: solid;\n  border-width: 0px;\n}\n.dt-icon-bg-on.shortcode-single-image-wrap.shortcode-single-image-da258cdc33fa31c70d99b298fd6b7e41 .rollover-icon {\n  background: rgba(255,255,255,0.3);\n  box-shadow: none;\n}<\/style><div class=\"shortcode-single-image-wrap shortcode-single-image-da258cdc33fa31c70d99b298fd6b7e41 alignnone  enable-bg-rollover dt-icon-bg-off\" style=\"margin-top:0px; margin-bottom:0px; margin-left:0px; margin-right:0px; width:500px;\"><div class=\"shortcode-single-image\"><div class=\"fancy-media-wrap  layzr-bg\" style=\"border-radius:5px;\"><img decoding=\"async\" class=\"preload-me lazy-load aspect\" src=\"data:image\/svg+xml,%3Csvg%20xmlns%3D&#39;http%3A%2F%2Fwww.w3.org%2F2000%2Fsvg&#39;%20viewBox%3D&#39;0%200%20500%20238&#39;%2F%3E\" data-src=\"https:\/\/interimco.fr\/hotellerie-restauration\/wp-content\/uploads\/sites\/5\/2020\/06\/interimco_tertiaire-500x238.jpg\" data-srcset=\"https:\/\/interimco.fr\/hotellerie-restauration\/wp-content\/uploads\/sites\/5\/2020\/06\/interimco_tertiaire-500x238.jpg 500w, https:\/\/interimco.fr\/hotellerie-restauration\/wp-content\/uploads\/sites\/5\/2020\/06\/interimco_tertiaire.jpg 630w\" loading=\"eager\" sizes=\"(max-width: 500px) 100vw, 500px\" width=\"500\" height=\"238\"  data-dt-location=\"https:\/\/interimco.fr\/hotellerie-restauration\/home\/interimco_tertiaire\/\" style=\"--ratio: 500 \/ 238;border-radius:5px;\" alt=\"\" \/><\/div><\/div><\/div>[\/vc_column][vc_column width=\u00a0\u00bb1\/2&Prime;][vc_column_text]INTERIM CO<\/p>\n<ul>\n<li>Trouve la mission r\u00e9pondant \u00e0 vos attentes.<\/li>\n<li>Elabore votre bulletin de paye et vous paye directement d\u2019apr\u00e8s les horaires exacts effectu\u00e9s.<\/li>\n<li>Si la mission ne correspond pas \u00e0 vos attentes, nous en recherchons une autre plus ad\u00e9quate.<\/li>\n<li>Une s\u00e9curit\u00e9 : en effet l\u2019indemnisation ch\u00f4mage est plus favorable et d\u00e9rogatoire.<\/li>\n<\/ul>\n<p><strong>Le CDI<\/strong><\/p>\n<p>Vous recherchez un CDI ? INTERIM CO vous accompagne dans votre recherche.<br \/>\nIndiquez nous votre poste id\u00e9al, le salaire recherch\u00e9 ainsi que vos contraintes \u00e9ventuelles.<br \/>\nNous recherchons parmi nos clients, les postes en CDI.[\/vc_column_text][\/vc_column][\/vc_row]<\/p>\n<\/div>","protected":false},"excerpt":{"rendered":"<p>[vc_row full_width=\u00a0\u00bbstretch_row\u00a0\u00bb gap=\u00a0\u00bb30&Prime; equal_height=\u00a0\u00bbyes\u00a0\u00bb content_placement=\u00a0\u00bbmiddle\u00a0\u00bb css=\u00a0\u00bb.vc_custom_1592818944657{padding-bottom: 80px !important;}\u00a0\u00bb][vc_column width=\u00a0\u00bb1\/2&Prime;][vc_column_text]Vous avez la possibilit\u00e9 de travailler selon de nombreuses options en fonction de vos envies : Le travail temporaire et\/ou Extra : Vous souhaitez multiplier les exp\u00e9riences professionnelles afin d\u2019apprendre de nouvelles m\u00e9thodes de fabrication et\/ou de vente ? Votre vie familiale ne vous permet pas de&hellip;<\/p>\n","protected":false},"author":1,"featured_media":0,"parent":3234,"menu_order":0,"comment_status":"closed","ping_status":"closed","template":"","meta":{"footnotes":""},"class_list":["post-3240","page","type-page","status-publish","hentry","description-off"],"_links":{"self":[{"href":"https:\/\/interimco.fr\/hotellerie-restauration\/wp-json\/wp\/v2\/pages\/3240","targetHints":{"allow":["GET"]}}],"collection":[{"href":"https:\/\/interimco.fr\/hotellerie-restauration\/wp-json\/wp\/v2\/pages"}],"about":[{"href":"https:\/\/interimco.fr\/hotellerie-restauration\/wp-json\/wp\/v2\/types\/page"}],"author":[{"embeddable":true,"href":"https:\/\/interimco.fr\/hotellerie-restauration\/wp-json\/wp\/v2\/users\/1"}],"replies":[{"embeddable":true,"href":"https:\/\/interimco.fr\/hotellerie-restauration\/wp-json\/wp\/v2\/comments?post=3240"}],"version-history":[{"count":5,"href":"https:\/\/interimco.fr\/hotellerie-restauration\/wp-json\/wp\/v2\/pages\/3240\/revisions"}],"predecessor-version":[{"id":3634,"href":"https:\/\/interimco.fr\/hotellerie-restauration\/wp-json\/wp\/v2\/pages\/3240\/revisions\/3634"}],"up":[{"embeddable":true,"href":"https:\/\/interimco.fr\/hotellerie-restauration\/wp-json\/wp\/v2\/pages\/3234"}],"wp:attachment":[{"href":"https:\/\/interimco.fr\/hotellerie-restauration\/wp-json\/wp\/v2\/media?parent=3240"}],"curies":[{"name":"wp","href":"https:\/\/api.w.org\/{rel}","templated":true}]}}