{"id":3200,"date":"2020-06-24T09:01:50","date_gmt":"2020-06-24T07:01:50","guid":{"rendered":"https:\/\/interimco.fr\/gms\/?page_id=3200"},"modified":"2020-07-31T10:14:35","modified_gmt":"2020-07-31T08:14:35","slug":"apprentissage","status":"publish","type":"page","link":"https:\/\/interimco.fr\/gms\/clients\/apprentissage\/","title":{"rendered":"Apprentissage"},"content":{"rendered":"<div class=\"wpb-content-wrapper\"><p>[vc_row full_width=\u00a0\u00bbstretch_row\u00a0\u00bb gap=\u00a0\u00bb30&Prime; equal_height=\u00a0\u00bbyes\u00a0\u00bb content_placement=\u00a0\u00bbmiddle\u00a0\u00bb css=\u00a0\u00bb.vc_custom_1592818944657{padding-bottom: 80px !important;}\u00a0\u00bb][vc_column width=\u00a0\u00bb1\/2&Prime;]<div id=\"ultimate-heading-638869e8893ff0d2b\" class=\"uvc-heading ult-adjust-bottom-margin ultimate-heading-638869e8893ff0d2b uvc-4547 accent-border-color\" data-hspacer=\"line_only\"  data-halign=\"left\" style=\"text-align:left\"><div class=\"uvc-main-heading ult-responsive\"  data-ultimate-target='.uvc-heading.ultimate-heading-638869e8893ff0d2b h2'  data-responsive-json-new='{\"font-size\":\"mobile_landscape:24px;\",\"line-height\":\"mobile_landscape:34px;\"}' ><h2 style=\"font-weight:bold;margin-bottom:20px;\">Un bon moyen d\u2019embaucher !<\/h2><\/div><div class=\"uvc-heading-spacer line_only\" style=\"margin-bottom:65px;height:2px;\"><span class=\"uvc-headings-line\" style=\"border-style:solid;border-bottom-width:2px;border-color:;width:150px;\"><\/span><\/div><\/div>[vc_column_text]Vous souhaitez prendre des Apprentis au sein de votre Entreprise <strong>mais vous avez toujours renonc\u00e9 devant la complexit\u00e9 des formalit\u00e9s et des contraintes administratives qui vous prennent trop de temps<\/strong>.<\/p>\n<p>En passant par INTERIM CO, <strong>vous vous d\u00e9chargez<\/strong> de la partie recrutement, de toute la partie administrative, des relations avec le Centre de Formations d\u2019Apprentis et de l\u2019accompagnement de l\u2019apprenti (cahier d\u2019apprentissage, d\u2019absence etc..) qui seront pris en charge par un tuteur au sein d\u2019INTERIM CO.[\/vc_column_text][\/vc_column][vc_column width=\u00a0\u00bb1\/2&Prime;]<style type=\"text\/css\" data-type=\"the7_shortcodes-inline-css\">.shortcode-single-image-wrap.shortcode-single-image-a2967994d2c9f958cdd6c18a7f7d486f.enable-bg-rollover .rollover i,\n.shortcode-single-image-wrap.shortcode-single-image-a2967994d2c9f958cdd6c18a7f7d486f.enable-bg-rollover .rollover-video i {\n  background: -webkit-linear-gradient();\n  background: linear-gradient();\n}\n.shortcode-single-image-wrap.shortcode-single-image-a2967994d2c9f958cdd6c18a7f7d486f .rollover-icon {\n  font-size: 32px;\n  color: #ffffff;\n  min-width: 44px;\n  min-height: 44px;\n  line-height: 44px;\n  border-radius: 100px;\n  border-style: solid;\n  border-width: 0px;\n}\n.dt-icon-bg-on.shortcode-single-image-wrap.shortcode-single-image-a2967994d2c9f958cdd6c18a7f7d486f .rollover-icon {\n  background: rgba(255,255,255,0.3);\n  box-shadow: none;\n}<\/style><div class=\"shortcode-single-image-wrap shortcode-single-image-a2967994d2c9f958cdd6c18a7f7d486f alignnone  enable-bg-rollover dt-icon-bg-off\" style=\"margin-top:0px; margin-bottom:0px; margin-left:0px; margin-right:0px; width:500px;\"><div class=\"shortcode-single-image\"><div class=\"fancy-media-wrap  layzr-bg\" style=\"border-radius:5px;\"><img fetchpriority=\"high\" decoding=\"async\" class=\"preload-me lazy-load aspect\" src=\"data:image\/svg+xml,%3Csvg%20xmlns%3D&#39;http%3A%2F%2Fwww.w3.org%2F2000%2Fsvg&#39;%20viewBox%3D&#39;0%200%20500%20333&#39;%2F%3E\" data-src=\"https:\/\/interimco.fr\/gms\/wp-content\/uploads\/sites\/6\/2020\/07\/shutterstock_119155693-500x333.jpg\" data-srcset=\"https:\/\/interimco.fr\/gms\/wp-content\/uploads\/sites\/6\/2020\/07\/shutterstock_119155693-500x333.jpg 500w, https:\/\/interimco.fr\/gms\/wp-content\/uploads\/sites\/6\/2020\/07\/shutterstock_119155693.jpg 1000w\" loading=\"eager\" sizes=\"(max-width: 500px) 100vw, 500px\" width=\"500\" height=\"333\"  data-dt-location=\"https:\/\/interimco.fr\/gms\/home\/shutterstock_119155693\/\" style=\"--ratio: 500 \/ 333;border-radius:5px;\" alt=\"\" \/><\/div><\/div><\/div>[\/vc_column][\/vc_row][vc_row equal_height=\u00a0\u00bbyes\u00a0\u00bb content_placement=\u00a0\u00bbmiddle\u00a0\u00bb bg_type=\u00a0\u00bbbg_color\u00a0\u00bb bg_override=\u00a0\u00bbfull\u00a0\u00bb css=\u00a0\u00bb.vc_custom_1596183261756{padding-top: 60px !important;padding-bottom: 30px !important;}\u00a0\u00bb bg_color_value=\u00a0\u00bb#ef4e4e\u00a0\u00bb][vc_column width=\u00a0\u00bb1\/2&Prime; css=\u00a0\u00bb.vc_custom_1580038666315{padding-bottom: 30px !important;}\u00a0\u00bb offset=\u00a0\u00bbvc_col-lg-8 vc_col-md-7&Prime;]<div id=\"ultimate-heading-933869e8893ff1fb9\" class=\"uvc-heading ult-adjust-bottom-margin ultimate-heading-933869e8893ff1fb9 uvc-9960 \" data-hspacer=\"no_spacer\"  data-halign=\"left\" style=\"text-align:left\"><div class=\"uvc-heading-spacer no_spacer\" style=\"top\"><\/div><div class=\"uvc-main-heading ult-responsive\"  data-ultimate-target='.uvc-heading.ultimate-heading-933869e8893ff1fb9 h2'  data-responsive-json-new='{\"font-size\":\"mobile_landscape:24px;\",\"line-height\":\"mobile_landscape:34px;\"}' ><h2 style=\"--font-weight:theme;color:#ffffff;\">AUCUN ABONNEMENT. N\u2019h\u00e9sitez pas \u00e0 nous contacter !<\/h2><\/div><\/div>[\/vc_column][vc_column width=\u00a0\u00bb1\/2&Prime; css=\u00a0\u00bb.vc_custom_1580038658810{padding-bottom: 30px !important;}\u00a0\u00bb offset=\u00a0\u00bbvc_col-lg-4 vc_col-md-5&Prime;]<style type=\"text\/css\" data-type=\"the7_shortcodes-inline-css\">#default-btn-2d9e5e69bb0bf6ea8d5510be9e849d15 {\n  border-radius: 5px;\n  font-size: 20px;\n  line-height: 22px;\n}\n.btn-shadow#default-btn-2d9e5e69bb0bf6ea8d5510be9e849d15 {\n  box-shadow: 0 1px 6px rgba(0,0,0,0.12);\n  transition: box-shadow 0.2s ease-out, opacity 0.45s;\n}\n.btn-shadow#default-btn-2d9e5e69bb0bf6ea8d5510be9e849d15:hover {\n  box-shadow: 0 5px 11px 0 rgba(0,0,0,0.18), 0 4px 15px 0 rgba(0,0,0,0.15);\n}\n.btn-3d#default-btn-2d9e5e69bb0bf6ea8d5510be9e849d15:hover {\n  box-shadow: 0px 2px 0px 0px #e0e0e0;\n}\n.btn-flat#default-btn-2d9e5e69bb0bf6ea8d5510be9e849d15 {\n  box-shadow: none;\n}\n.btn-flat#default-btn-2d9e5e69bb0bf6ea8d5510be9e849d15:hover {\n  box-shadow: none;\n}\n#default-btn-2d9e5e69bb0bf6ea8d5510be9e849d15.ico-right-side > i {\n  margin-right: 0px;\n  margin-left: 15px;\n}\n#default-btn-2d9e5e69bb0bf6ea8d5510be9e849d15 > i {\n  margin-right: 15px;\n  font-size: 24px;\n}\n#default-btn-2d9e5e69bb0bf6ea8d5510be9e849d15:not(:hover) {\n  border-width: 3px;\n  border-color: #ffffff !important;\n  color: #ffffff;\n  background: none !important;\n  padding: 18px 10px 18px 10px;\n}\n#default-btn-2d9e5e69bb0bf6ea8d5510be9e849d15:not(:hover) * {\n  color: #ffffff;\n}\n#default-btn-2d9e5e69bb0bf6ea8d5510be9e849d15:hover {\n  border-width: 0px;\n  color: #ef4e4e;\n  background: #ffffff !important;\n  padding: 21px 13px 21px 13px;\n}\n#default-btn-2d9e5e69bb0bf6ea8d5510be9e849d15:hover * {\n  color: #ef4e4e;\n}\n#default-btn-2d9e5e69bb0bf6ea8d5510be9e849d15.ico-right-side > i {\n  margin-right: 0px;\n  margin-left: 15px;\n}\n#default-btn-2d9e5e69bb0bf6ea8d5510be9e849d15 > i {\n  margin-right: 15px;\n}<\/style><div class=\"btn-align-center\"><a href=\"https:\/\/interimco.fr\/clients\/passez-vos-offres-demploi\/\" class=\"default-btn-shortcode dt-btn link-hover-off full-width-btn btn-flat \" id=\"default-btn-2d9e5e69bb0bf6ea8d5510be9e849d15\" title=\"passez vos offres d\u2019emploi\"><i class=\"icomoon-the7-font-the7-arrow-21\"><\/i><span>passez vos offres d&#8217;emploi<\/span><\/a><\/div>[\/vc_column][\/vc_row][vc_row full_width=\u00a0\u00bbstretch_row\u00a0\u00bb css=\u00a0\u00bb.vc_custom_1592819347676{padding-top: 50px !important;padding-bottom: 50px !important;background-color: #f5f5f5 !important;}\u00a0\u00bb][vc_column width=\u00a0\u00bb1\/2&Prime;]<style type=\"text\/css\" data-type=\"the7_shortcodes-inline-css\">.shortcode-single-image-wrap.shortcode-single-image-6c5b98527ac0fb52aa5c4db88261ccef.enable-bg-rollover .rollover i,\n.shortcode-single-image-wrap.shortcode-single-image-6c5b98527ac0fb52aa5c4db88261ccef.enable-bg-rollover .rollover-video i {\n  background: -webkit-linear-gradient();\n  background: linear-gradient();\n}\n.shortcode-single-image-wrap.shortcode-single-image-6c5b98527ac0fb52aa5c4db88261ccef .rollover-icon {\n  font-size: 32px;\n  color: #ffffff;\n  min-width: 44px;\n  min-height: 44px;\n  line-height: 44px;\n  border-radius: 100px;\n  border-style: solid;\n  border-width: 0px;\n}\n.dt-icon-bg-on.shortcode-single-image-wrap.shortcode-single-image-6c5b98527ac0fb52aa5c4db88261ccef .rollover-icon {\n  background: rgba(255,255,255,0.3);\n  box-shadow: none;\n}<\/style><div class=\"shortcode-single-image-wrap shortcode-single-image-6c5b98527ac0fb52aa5c4db88261ccef alignnone  enable-bg-rollover dt-icon-bg-off\" style=\"margin-top:0px; margin-bottom:0px; margin-left:0px; margin-right:0px; width:500px;\"><div class=\"shortcode-single-image\"><div class=\"fancy-media-wrap  layzr-bg\" style=\"border-radius:5px;\"><img decoding=\"async\" class=\"preload-me lazy-load aspect\" src=\"data:image\/svg+xml,%3Csvg%20xmlns%3D&#39;http%3A%2F%2Fwww.w3.org%2F2000%2Fsvg&#39;%20viewBox%3D&#39;0%200%20500%20333&#39;%2F%3E\" data-src=\"https:\/\/interimco.fr\/gms\/wp-content\/uploads\/sites\/6\/2020\/06\/client_interimco-500x333.jpg\" data-srcset=\"https:\/\/interimco.fr\/gms\/wp-content\/uploads\/sites\/6\/2020\/06\/client_interimco-500x333.jpg 500w, https:\/\/interimco.fr\/gms\/wp-content\/uploads\/sites\/6\/2020\/06\/client_interimco.jpg 1000w\" loading=\"eager\" sizes=\"(max-width: 500px) 100vw, 500px\" width=\"500\" height=\"333\"  data-dt-location=\"https:\/\/interimco.fr\/gms\/home\/client_interimco\/\" style=\"--ratio: 500 \/ 333;border-radius:5px;\" alt=\"\" \/><\/div><\/div><\/div>[\/vc_column][vc_column width=\u00a0\u00bb1\/2&Prime;][vc_column_text]De plus nous nous occupons :<\/p>\n<ul>\n<li>De r\u00e9diger le contrat d\u2019apprentissage<\/li>\n<li>D\u2019\u00e9tablir et transmettre le bulletin de paye<\/li>\n<li>De payer l\u2019apprenti<\/li>\n<li>De d\u00e9clarer les charges sociales et de les payer<\/li>\n<\/ul>\n<p>Vous n\u2019aurez plus qu\u2019\u00e0 vous consacrez \u00e0 l\u2019essentiel apprendre \u00e0 l\u2019apprenti son m\u00e9tier.[\/vc_column_text][\/vc_column][\/vc_row]<\/p>\n<\/div>","protected":false},"excerpt":{"rendered":"<p>[vc_row full_width=\u00a0\u00bbstretch_row\u00a0\u00bb gap=\u00a0\u00bb30&Prime; equal_height=\u00a0\u00bbyes\u00a0\u00bb content_placement=\u00a0\u00bbmiddle\u00a0\u00bb css=\u00a0\u00bb.vc_custom_1592818944657{padding-bottom: 80px !important;}\u00a0\u00bb][vc_column width=\u00a0\u00bb1\/2&Prime;][vc_column_text]Vous souhaitez prendre des Apprentis au sein de votre Entreprise mais vous avez toujours renonc\u00e9 devant la complexit\u00e9 des formalit\u00e9s et des contraintes administratives qui vous prennent trop de temps. En passant par INTERIM CO, vous vous d\u00e9chargez de la partie recrutement, de toute la partie administrative,&hellip;<\/p>\n","protected":false},"author":1,"featured_media":0,"parent":3159,"menu_order":0,"comment_status":"closed","ping_status":"closed","template":"","meta":{"footnotes":""},"class_list":["post-3200","page","type-page","status-publish","hentry","description-off"],"_links":{"self":[{"href":"https:\/\/interimco.fr\/gms\/wp-json\/wp\/v2\/pages\/3200","targetHints":{"allow":["GET"]}}],"collection":[{"href":"https:\/\/interimco.fr\/gms\/wp-json\/wp\/v2\/pages"}],"about":[{"href":"https:\/\/interimco.fr\/gms\/wp-json\/wp\/v2\/types\/page"}],"author":[{"embeddable":true,"href":"https:\/\/interimco.fr\/gms\/wp-json\/wp\/v2\/users\/1"}],"replies":[{"embeddable":true,"href":"https:\/\/interimco.fr\/gms\/wp-json\/wp\/v2\/comments?post=3200"}],"version-history":[{"count":5,"href":"https:\/\/interimco.fr\/gms\/wp-json\/wp\/v2\/pages\/3200\/revisions"}],"predecessor-version":[{"id":3554,"href":"https:\/\/interimco.fr\/gms\/wp-json\/wp\/v2\/pages\/3200\/revisions\/3554"}],"up":[{"embeddable":true,"href":"https:\/\/interimco.fr\/gms\/wp-json\/wp\/v2\/pages\/3159"}],"wp:attachment":[{"href":"https:\/\/interimco.fr\/gms\/wp-json\/wp\/v2\/media?parent=3200"}],"curies":[{"name":"wp","href":"https:\/\/api.w.org\/{rel}","templated":true}]}}