{"id":3159,"date":"2020-06-22T11:57:20","date_gmt":"2020-06-22T09:57:20","guid":{"rendered":"https:\/\/interimco.fr\/gms\/?page_id=3159"},"modified":"2021-02-23T16:09:09","modified_gmt":"2021-02-23T14:09:09","slug":"clients","status":"publish","type":"page","link":"https:\/\/interimco.fr\/gms\/clients\/","title":{"rendered":"Clients"},"content":{"rendered":"<div class=\"wpb-content-wrapper\"><p>[vc_row full_width=\u00a0\u00bbstretch_row\u00a0\u00bb gap=\u00a0\u00bb30&Prime; equal_height=\u00a0\u00bbyes\u00a0\u00bb content_placement=\u00a0\u00bbmiddle\u00a0\u00bb css=\u00a0\u00bb.vc_custom_1592818944657{padding-bottom: 80px !important;}\u00a0\u00bb][vc_column width=\u00a0\u00bb1\/2&Prime;][vc_column_text]INTERIM CO existe depuis plus de 15 ans. Son Expertise une connaissance pr\u00e9cise sur les M\u00e9tiers Alimentaire et Agro-Alimentaire.<\/p>\n<p>INTERIM CO accompagne ses clients dans ces domaines sur toutes les comp\u00e9tences li\u00e9es au c\u0153ur de m\u00e9tiers ainsi que les comp\u00e9tences supports telles que notamment :<\/p>\n<p>\u2022 Grande Distribution<br \/>\n\u2022 Industrie de Transformation<br \/>\n\u2022 Boulangerie-P\u00e2tisserie Artisanale, ou Industrielle<br \/>\n\u2022 H\u00f4tellerie, Restauration<br \/>\n\u2022 Collectivit\u00e9<br \/>\n\u2022 Ev\u00e9nementiel<br \/>\n\u2022 Logistique<br \/>\n\u2022 Second-\u0152uvre<br \/>\n\u2022 Tertiaire<\/p>\n<p>Ces domaines sont fortement impact\u00e9s par l\u2019absence de comp\u00e9tences suffisantes. INTERIM CO par son expertise accompagne ses clients et les aides \u00e0 faire face \u00e0 leurs besoins sur ces m\u00e9tiers en Tension<\/p>\n<p>Agence d\u2019Emploi :<strong> INTERIM Co<\/strong> affiche son ambition :<\/p>\n<p>\u2022 R\u00e9pondre en permanence aux attentes de ses clients en leur assurant une prestation \u00e0 haute valeur ajout\u00e9e.<\/p>\n<p><strong>INTERIM Co<\/strong> a articul\u00e9 son d\u00e9veloppement sur trois axes majeurs qui sont la clef de sa r\u00e9ussite :<\/p>\n<p>\u2022 L\u2019\u00e9coute de ses clients et la connaissance de leurs sp\u00e9cificit\u00e9s organisationnelles et de leurs besoins en comp\u00e9tences.<\/p>\n<p>\u2022 Un recrutement en permanence cibl\u00e9e sur les comp\u00e9tences et sur les attentes des futurs int\u00e9rimaires.<\/p>\n<p>\u2022 L\u2019ad\u00e9quation entre les postes propos\u00e9s de ses clients et les capacit\u00e9s de ses int\u00e9rimaires.<\/p>\n<p><strong>INTERIM Co<\/strong> a un objectif affich\u00e9, rest\u00e9 \u00e0 dimension humaine, afin d\u2019\u00eatre proche de ses clients et r\u00e9actif.<\/p>\n<p><strong>INTERIM Co<\/strong> cherche \u00e0 tisser des relations sur le long terme avec ses clients et ses int\u00e9rimaires pour \u00eatre en mesure d\u2019apporter imm\u00e9diatement la bonne r\u00e9ponse.<\/p>\n<p><em><strong>Volont\u00e9 de partenariat, souci constant de professionnalisme, exigence de performance, action sur le long terme sont les piliers sur lesquels s\u2019appuient notre relation.<\/strong><\/em>[\/vc_column_text][\/vc_column][vc_column width=\u00a0\u00bb1\/2&Prime; css=\u00a0\u00bb.vc_custom_1596112981782{padding-top: 80px !important;padding-bottom: 40px !important;}\u00a0\u00bb]<style type=\"text\/css\" data-type=\"the7_shortcodes-inline-css\">.shortcode-single-image-wrap.shortcode-single-image-6c5b98527ac0fb52aa5c4db88261ccef.enable-bg-rollover .rollover i,\n.shortcode-single-image-wrap.shortcode-single-image-6c5b98527ac0fb52aa5c4db88261ccef.enable-bg-rollover .rollover-video i {\n  background: -webkit-linear-gradient();\n  background: linear-gradient();\n}\n.shortcode-single-image-wrap.shortcode-single-image-6c5b98527ac0fb52aa5c4db88261ccef .rollover-icon {\n  font-size: 32px;\n  color: #ffffff;\n  min-width: 44px;\n  min-height: 44px;\n  line-height: 44px;\n  border-radius: 100px;\n  border-style: solid;\n  border-width: 0px;\n}\n.dt-icon-bg-on.shortcode-single-image-wrap.shortcode-single-image-6c5b98527ac0fb52aa5c4db88261ccef .rollover-icon {\n  background: rgba(255,255,255,0.3);\n  box-shadow: none;\n}<\/style><div class=\"shortcode-single-image-wrap shortcode-single-image-6c5b98527ac0fb52aa5c4db88261ccef alignnone  enable-bg-rollover dt-icon-bg-off\" style=\"margin-top:0px; margin-bottom:0px; margin-left:0px; margin-right:0px; width:500px;\"><div class=\"shortcode-single-image\"><div class=\"fancy-media-wrap  layzr-bg\" style=\"border-radius:5px;\"><img fetchpriority=\"high\" decoding=\"async\" class=\"preload-me lazy-load aspect\" src=\"data:image\/svg+xml,%3Csvg%20xmlns%3D&#39;http%3A%2F%2Fwww.w3.org%2F2000%2Fsvg&#39;%20viewBox%3D&#39;0%200%20500%20333&#39;%2F%3E\" data-src=\"https:\/\/interimco.fr\/gms\/wp-content\/uploads\/sites\/6\/2020\/06\/client_interimco-500x333.jpg\" data-srcset=\"https:\/\/interimco.fr\/gms\/wp-content\/uploads\/sites\/6\/2020\/06\/client_interimco-500x333.jpg 500w, https:\/\/interimco.fr\/gms\/wp-content\/uploads\/sites\/6\/2020\/06\/client_interimco.jpg 1000w\" loading=\"eager\" sizes=\"(max-width: 500px) 100vw, 500px\" width=\"500\" height=\"333\"  data-dt-location=\"https:\/\/interimco.fr\/gms\/home\/client_interimco\/\" style=\"--ratio: 500 \/ 333;border-radius:5px;\" alt=\"\" \/><\/div><\/div><\/div>[\/vc_column][\/vc_row][vc_row full_width=\u00a0\u00bbstretch_row\u00a0\u00bb gap=\u00a0\u00bb30&Prime; equal_height=\u00a0\u00bbyes\u00a0\u00bb content_placement=\u00a0\u00bbmiddle\u00a0\u00bb css=\u00a0\u00bb.vc_custom_1613122929961{padding-top: 30px !important;background-color: #f5f5f5 !important;}\u00a0\u00bb][vc_column]<div id=\"ultimate-heading-155669f3463c378e6\" class=\"uvc-heading ult-adjust-bottom-margin ultimate-heading-155669f3463c378e6 uvc-9438 accent-border-color\" data-hspacer=\"line_only\"  data-halign=\"center\" style=\"text-align:center\"><div class=\"uvc-main-heading ult-responsive\"  data-ultimate-target='.uvc-heading.ultimate-heading-155669f3463c378e6 h2'  data-responsive-json-new='{\"font-size\":\"mobile_landscape:24px;\",\"line-height\":\"mobile_landscape:34px;\"}' ><h2 style=\"font-weight:bold;margin-bottom:20px;\">Les atouts majeurs d\u2019Interim Co<\/h2><\/div><div class=\"uvc-heading-spacer line_only\" style=\"margin-bottom:65px;height:2px;\"><span class=\"uvc-headings-line\" style=\"border-style:solid;border-bottom-width:2px;border-color:;width:150px;\"><\/span><\/div><\/div>[\/vc_column][\/vc_row][vc_row full_width=\u00a0\u00bbstretch_row\u00a0\u00bb gap=\u00a0\u00bb30&Prime; equal_height=\u00a0\u00bbyes\u00a0\u00bb content_placement=\u00a0\u00bbmiddle\u00a0\u00bb css=\u00a0\u00bb.vc_custom_1613122938113{padding-bottom: 80px !important;background-color: #f5f5f5 !important;}\u00a0\u00bb][vc_column width=\u00a0\u00bb1\/2&Prime;][vc_column_text]\u2022 <strong>Exigence de qualit\u00e9<\/strong> :<\/p>\n<p>Comme vous, <strong>INTERIM Co<\/strong> a compris que l\u2019essence m\u00eame d\u2019une entreprise se compose de la valeur de son capital humain.<\/p>\n<p>&nbsp;<\/p>\n<p>\u2022 <strong>S\u00e9lection des candidats<\/strong> :<\/p>\n<p>Adaptation, comp\u00e9tence, formation, valeur ajout\u00e9e ordonnent nos recrutements. Avec le d\u00e9veloppement de logiciels d\u2019intelligence artificielle et de matching afin de r\u00e9pondre plus rapidement \u00e0 vos demandes pr\u00e9cises de comp\u00e9tences.<\/p>\n<p>&nbsp;<\/p>\n<p>\u2022 <strong>Gage de r\u00e9ussite<\/strong> :<\/p>\n<p>Une fois les int\u00e9rimaires d\u00e9tach\u00e9s dans votre entreprise, Interim Co assure un suivi :<\/p>\n<p>Le responsable op\u00e9rationnel ou la RH est contact\u00e9 afin de suivre l\u2019int\u00e9gration de l\u2019int\u00e9rimaire au sein du service.<\/p>\n<p>L\u2019int\u00e9rimaire \u00e9galement est contact\u00e9 au fil de sa mission pour lui apporter toute solution rapide et concr\u00e8te.<\/p>\n<p>&nbsp;<\/p>\n<p>Un gage de r\u00e9ussite de la mission pour les deux parties.<\/p>\n<p>&nbsp;<\/p>\n<p>\u2022 <strong>Une fluidit\u00e9 des \u00e9changes<\/strong><\/p>\n<p>INTERIM CO a mis en place une d\u00e9mat\u00e9rialisation totale des contrats, signature \u00e9lectronique, des relev\u00e9s d\u2019heures, de la facturation afin d\u2019all\u00e9ger au maximum l\u2019aspect administratif pour vous consacrez \u00e0 votre c\u0153ur d\u2019activit\u00e9 et vous permettre de suivre le mieux possible les missions des int\u00e9rimaires.<\/p>\n<p>INTERIM CO a d\u00e9velopp\u00e9 des outils sp\u00e9cifiques (notamment : Intelligence Artificielle, Matching, Chabots) pour mieux accompagner ses clients dans leur d\u00e9veloppement.<\/p>\n<p>&nbsp;<\/p>\n<p>\u2022 <strong>Un accompagnement <\/strong><\/p>\n<p>Nos clients ont souvent des probl\u00e9matiques nationales et ont besoin d\u2019un interlocuteur unique pour l\u2019ensemble de leurs \u00e9tablissements. INTERIM CO par son maillage territorial accompagne ses clients et leur assure la r\u00e9activit\u00e9 et les comp\u00e9tences sp\u00e9cifiques<\/p>\n<p>&nbsp;<\/p>\n<p><strong>INTERIM CO<\/strong> constate au quotidien que les entreprises sont \u00e0 la recherche de plus de souplesse et de flexibilit\u00e9 surtout avec les incertitudes li\u00e9es au COVID.<\/p>\n<p><strong>INTERIM CO<\/strong> vous pr\u00e9sente des hommes et des femmes qui rapidement adaptables, conscients que le march\u00e9 a besoin de flexibilit\u00e9 apportent tr\u00e8s rapidement la valeur ajout\u00e9e dont a besoin votre Entreprise.[\/vc_column_text][\/vc_column][vc_column width=\u00a0\u00bb1\/2&Prime; css=\u00a0\u00bb.vc_custom_1596112981782{padding-top: 80px !important;padding-bottom: 40px !important;}\u00a0\u00bb]<style type=\"text\/css\" data-type=\"the7_shortcodes-inline-css\">.shortcode-single-image-wrap.shortcode-single-image-636e725448c77c5e4a09ca9669086139.enable-bg-rollover .rollover i,\n.shortcode-single-image-wrap.shortcode-single-image-636e725448c77c5e4a09ca9669086139.enable-bg-rollover .rollover-video i {\n  background: -webkit-linear-gradient();\n  background: linear-gradient();\n}\n.shortcode-single-image-wrap.shortcode-single-image-636e725448c77c5e4a09ca9669086139 .rollover-icon {\n  font-size: 32px;\n  color: #ffffff;\n  min-width: 44px;\n  min-height: 44px;\n  line-height: 44px;\n  border-radius: 100px;\n  border-style: solid;\n  border-width: 0px;\n}\n.dt-icon-bg-on.shortcode-single-image-wrap.shortcode-single-image-636e725448c77c5e4a09ca9669086139 .rollover-icon {\n  background: rgba(255,255,255,0.3);\n  box-shadow: none;\n}<\/style><div class=\"shortcode-single-image-wrap shortcode-single-image-636e725448c77c5e4a09ca9669086139 alignnone  enable-bg-rollover dt-icon-bg-off\" style=\"margin-top:0px; margin-bottom:0px; margin-left:0px; margin-right:0px; width:500px;\"><div class=\"shortcode-single-image\"><div class=\"fancy-media-wrap  layzr-bg\" style=\"border-radius:5px;\"><img decoding=\"async\" class=\"preload-me lazy-load aspect\" src=\"data:image\/svg+xml,%3Csvg%20xmlns%3D&#39;http%3A%2F%2Fwww.w3.org%2F2000%2Fsvg&#39;%20viewBox%3D&#39;0%200%20256%20160&#39;%2F%3E\" data-src=\"https:\/\/interimco.fr\/gms\/wp-content\/uploads\/sites\/6\/2021\/02\/client-1.jpg\" data-srcset=\"https:\/\/interimco.fr\/gms\/wp-content\/uploads\/sites\/6\/2021\/02\/client-1.jpg 256w\" loading=\"eager\" sizes=\"(max-width: 256px) 100vw, 256px\" width=\"256\" height=\"160\"  data-dt-location=\"https:\/\/interimco.fr\/gms\/clients\/client-1\/\" style=\"--ratio: 256 \/ 160;border-radius:5px;\" alt=\"\" \/><\/div><\/div><\/div><style type=\"text\/css\" data-type=\"the7_shortcodes-inline-css\">.shortcode-single-image-wrap.shortcode-single-image-6b803653afc13290a9923398489e37bc.enable-bg-rollover .rollover i,\n.shortcode-single-image-wrap.shortcode-single-image-6b803653afc13290a9923398489e37bc.enable-bg-rollover .rollover-video i {\n  background: -webkit-linear-gradient();\n  background: linear-gradient();\n}\n.shortcode-single-image-wrap.shortcode-single-image-6b803653afc13290a9923398489e37bc .rollover-icon {\n  font-size: 32px;\n  color: #ffffff;\n  min-width: 44px;\n  min-height: 44px;\n  line-height: 44px;\n  border-radius: 100px;\n  border-style: solid;\n  border-width: 0px;\n}\n.dt-icon-bg-on.shortcode-single-image-wrap.shortcode-single-image-6b803653afc13290a9923398489e37bc .rollover-icon {\n  background: rgba(255,255,255,0.3);\n  box-shadow: none;\n}<\/style><div class=\"shortcode-single-image-wrap shortcode-single-image-6b803653afc13290a9923398489e37bc alignnone  vc_custom_1613122998680 enable-bg-rollover dt-icon-bg-off\" ><div class=\"shortcode-single-image\"><div class=\"fancy-media-wrap  layzr-bg\" style=\"border-radius:5px;\"><img decoding=\"async\" class=\"preload-me lazy-load aspect\" src=\"data:image\/svg+xml,%3Csvg%20xmlns%3D&#39;http%3A%2F%2Fwww.w3.org%2F2000%2Fsvg&#39;%20viewBox%3D&#39;0%200%20292%20198&#39;%2F%3E\" data-src=\"https:\/\/interimco.fr\/gms\/wp-content\/uploads\/sites\/6\/2021\/02\/client-2.jpg\" data-srcset=\"https:\/\/interimco.fr\/gms\/wp-content\/uploads\/sites\/6\/2021\/02\/client-2.jpg 292w\" loading=\"eager\" sizes=\"(max-width: 292px) 100vw, 292px\" width=\"292\" height=\"198\"  data-dt-location=\"https:\/\/interimco.fr\/gms\/clients\/client-2\/\" style=\"--ratio: 292 \/ 198;border-radius:5px;\" alt=\"\" \/><\/div><\/div><\/div><style type=\"text\/css\" data-type=\"the7_shortcodes-inline-css\">.shortcode-single-image-wrap.shortcode-single-image-5907d525ddc3d7839a78610ddcb1ca19.enable-bg-rollover .rollover i,\n.shortcode-single-image-wrap.shortcode-single-image-5907d525ddc3d7839a78610ddcb1ca19.enable-bg-rollover .rollover-video i {\n  background: -webkit-linear-gradient();\n  background: linear-gradient();\n}\n.shortcode-single-image-wrap.shortcode-single-image-5907d525ddc3d7839a78610ddcb1ca19 .rollover-icon {\n  font-size: 32px;\n  color: #ffffff;\n  min-width: 44px;\n  min-height: 44px;\n  line-height: 44px;\n  border-radius: 100px;\n  border-style: solid;\n  border-width: 0px;\n}\n.dt-icon-bg-on.shortcode-single-image-wrap.shortcode-single-image-5907d525ddc3d7839a78610ddcb1ca19 .rollover-icon {\n  background: rgba(255,255,255,0.3);\n  box-shadow: none;\n}<\/style><div class=\"shortcode-single-image-wrap shortcode-single-image-5907d525ddc3d7839a78610ddcb1ca19 alignnone  vc_custom_1613123021653 enable-bg-rollover dt-icon-bg-off\" ><div class=\"shortcode-single-image\"><div class=\"fancy-media-wrap  layzr-bg\" style=\"border-radius:5px;\"><img decoding=\"async\" class=\"preload-me lazy-load aspect\" src=\"data:image\/svg+xml,%3Csvg%20xmlns%3D&#39;http%3A%2F%2Fwww.w3.org%2F2000%2Fsvg&#39;%20viewBox%3D&#39;0%200%20348%20199&#39;%2F%3E\" data-src=\"https:\/\/interimco.fr\/gms\/wp-content\/uploads\/sites\/6\/2021\/02\/client-3.png\" data-srcset=\"https:\/\/interimco.fr\/gms\/wp-content\/uploads\/sites\/6\/2021\/02\/client-3.png 348w\" loading=\"eager\" sizes=\"(max-width: 348px) 100vw, 348px\" width=\"348\" height=\"199\"  data-dt-location=\"https:\/\/interimco.fr\/gms\/clients\/client-3\/\" style=\"--ratio: 348 \/ 199;border-radius:5px;\" alt=\"\" \/><\/div><\/div><\/div><style type=\"text\/css\" data-type=\"the7_shortcodes-inline-css\">.shortcode-single-image-wrap.shortcode-single-image-cf25fca347c60b2d576045e95a0278b0.enable-bg-rollover .rollover i,\n.shortcode-single-image-wrap.shortcode-single-image-cf25fca347c60b2d576045e95a0278b0.enable-bg-rollover .rollover-video i {\n  background: -webkit-linear-gradient();\n  background: linear-gradient();\n}\n.shortcode-single-image-wrap.shortcode-single-image-cf25fca347c60b2d576045e95a0278b0 .rollover-icon {\n  font-size: 32px;\n  color: #ffffff;\n  min-width: 44px;\n  min-height: 44px;\n  line-height: 44px;\n  border-radius: 100px;\n  border-style: solid;\n  border-width: 0px;\n}\n.dt-icon-bg-on.shortcode-single-image-wrap.shortcode-single-image-cf25fca347c60b2d576045e95a0278b0 .rollover-icon {\n  background: rgba(255,255,255,0.3);\n  box-shadow: none;\n}<\/style><div class=\"shortcode-single-image-wrap shortcode-single-image-cf25fca347c60b2d576045e95a0278b0 alignnone  vc_custom_1613123051835 enable-bg-rollover dt-icon-bg-off\" ><div class=\"shortcode-single-image\"><div class=\"fancy-media-wrap  layzr-bg\" style=\"border-radius:5px;\"><img decoding=\"async\" class=\"preload-me lazy-load aspect\" src=\"data:image\/svg+xml,%3Csvg%20xmlns%3D&#39;http%3A%2F%2Fwww.w3.org%2F2000%2Fsvg&#39;%20viewBox%3D&#39;0%200%20302%20207&#39;%2F%3E\" data-src=\"https:\/\/interimco.fr\/gms\/wp-content\/uploads\/sites\/6\/2021\/02\/client-4.jpg\" data-srcset=\"https:\/\/interimco.fr\/gms\/wp-content\/uploads\/sites\/6\/2021\/02\/client-4.jpg 302w\" loading=\"eager\" sizes=\"(max-width: 302px) 100vw, 302px\" width=\"302\" height=\"207\"  data-dt-location=\"https:\/\/interimco.fr\/gms\/clients\/client-4\/\" style=\"--ratio: 302 \/ 207;border-radius:5px;\" alt=\"\" \/><\/div><\/div><\/div>[\/vc_column][\/vc_row][vc_row equal_height=\u00a0\u00bbyes\u00a0\u00bb content_placement=\u00a0\u00bbmiddle\u00a0\u00bb bg_type=\u00a0\u00bbbg_color\u00a0\u00bb bg_override=\u00a0\u00bbfull\u00a0\u00bb css=\u00a0\u00bb.vc_custom_1596182716533{padding-top: 60px !important;padding-bottom: 30px !important;}\u00a0\u00bb bg_color_value=\u00a0\u00bb#ef4e4e\u00a0\u00bb][vc_column width=\u00a0\u00bb1\/2&Prime; css=\u00a0\u00bb.vc_custom_1580038666315{padding-bottom: 30px !important;}\u00a0\u00bb offset=\u00a0\u00bbvc_col-lg-8 vc_col-md-7&Prime;]<div id=\"ultimate-heading-770469f3463c3a4c2\" class=\"uvc-heading ult-adjust-bottom-margin ultimate-heading-770469f3463c3a4c2 uvc-1773 \" data-hspacer=\"no_spacer\"  data-halign=\"left\" style=\"text-align:left\"><div class=\"uvc-heading-spacer no_spacer\" style=\"top\"><\/div><div class=\"uvc-main-heading ult-responsive\"  data-ultimate-target='.uvc-heading.ultimate-heading-770469f3463c3a4c2 h2'  data-responsive-json-new='{\"font-size\":\"mobile_landscape:24px;\",\"line-height\":\"mobile_landscape:34px;\"}' ><h2 style=\"--font-weight:theme;color:#ffffff;\">AUCUN ABONNEMENT. N\u2019h\u00e9sitez pas \u00e0 nous contacter !<\/h2><\/div><\/div>[\/vc_column][vc_column width=\u00a0\u00bb1\/2&Prime; css=\u00a0\u00bb.vc_custom_1580038658810{padding-bottom: 30px !important;}\u00a0\u00bb offset=\u00a0\u00bbvc_col-lg-4 vc_col-md-5&Prime;]<style type=\"text\/css\" data-type=\"the7_shortcodes-inline-css\">#default-btn-2d9e5e69bb0bf6ea8d5510be9e849d15 {\n  border-radius: 5px;\n  font-size: 20px;\n  line-height: 22px;\n}\n.btn-shadow#default-btn-2d9e5e69bb0bf6ea8d5510be9e849d15 {\n  box-shadow: 0 1px 6px rgba(0,0,0,0.12);\n  transition: box-shadow 0.2s ease-out, opacity 0.45s;\n}\n.btn-shadow#default-btn-2d9e5e69bb0bf6ea8d5510be9e849d15:hover {\n  box-shadow: 0 5px 11px 0 rgba(0,0,0,0.18), 0 4px 15px 0 rgba(0,0,0,0.15);\n}\n.btn-3d#default-btn-2d9e5e69bb0bf6ea8d5510be9e849d15:hover {\n  box-shadow: 0px 2px 0px 0px #e0e0e0;\n}\n.btn-flat#default-btn-2d9e5e69bb0bf6ea8d5510be9e849d15 {\n  box-shadow: none;\n}\n.btn-flat#default-btn-2d9e5e69bb0bf6ea8d5510be9e849d15:hover {\n  box-shadow: none;\n}\n#default-btn-2d9e5e69bb0bf6ea8d5510be9e849d15.ico-right-side > i {\n  margin-right: 0px;\n  margin-left: 15px;\n}\n#default-btn-2d9e5e69bb0bf6ea8d5510be9e849d15 > i {\n  margin-right: 15px;\n  font-size: 24px;\n}\n#default-btn-2d9e5e69bb0bf6ea8d5510be9e849d15:not(:hover) {\n  border-width: 3px;\n  border-color: #ffffff !important;\n  color: #ffffff;\n  background: none !important;\n  padding: 18px 10px 18px 10px;\n}\n#default-btn-2d9e5e69bb0bf6ea8d5510be9e849d15:not(:hover) * {\n  color: #ffffff;\n}\n#default-btn-2d9e5e69bb0bf6ea8d5510be9e849d15:hover {\n  border-width: 0px;\n  color: #ef4e4e;\n  background: #ffffff !important;\n  padding: 21px 13px 21px 13px;\n}\n#default-btn-2d9e5e69bb0bf6ea8d5510be9e849d15:hover * {\n  color: #ef4e4e;\n}\n#default-btn-2d9e5e69bb0bf6ea8d5510be9e849d15.ico-right-side > i {\n  margin-right: 0px;\n  margin-left: 15px;\n}\n#default-btn-2d9e5e69bb0bf6ea8d5510be9e849d15 > i {\n  margin-right: 15px;\n}<\/style><div class=\"btn-align-center\"><a href=\"https:\/\/interimco.fr\/clients\/passez-vos-offres-demploi\/\" class=\"default-btn-shortcode dt-btn link-hover-off full-width-btn btn-flat \" id=\"default-btn-2d9e5e69bb0bf6ea8d5510be9e849d15\" title=\"passez vos offres d\u2019emploi\"><i class=\"icomoon-the7-font-the7-arrow-21\"><\/i><span>passez vos offres d&#8217;emploi<\/span><\/a><\/div>[\/vc_column][\/vc_row][vc_row full_width=\u00a0\u00bbstretch_row\u00a0\u00bb css=\u00a0\u00bb.vc_custom_1592819347676{padding-top: 50px !important;padding-bottom: 50px !important;background-color: #f5f5f5 !important;}\u00a0\u00bb][vc_column width=\u00a0\u00bb1\/2&Prime;]<style type=\"text\/css\" data-type=\"the7_shortcodes-inline-css\">.shortcode-single-image-wrap.shortcode-single-image-53cfdce24de4952a52b05cc44261d219.enable-bg-rollover .rollover i,\n.shortcode-single-image-wrap.shortcode-single-image-53cfdce24de4952a52b05cc44261d219.enable-bg-rollover .rollover-video i {\n  background: -webkit-linear-gradient();\n  background: linear-gradient();\n}\n.shortcode-single-image-wrap.shortcode-single-image-53cfdce24de4952a52b05cc44261d219 .rollover-icon {\n  font-size: 32px;\n  color: #ffffff;\n  min-width: 44px;\n  min-height: 44px;\n  line-height: 44px;\n  border-radius: 100px;\n  border-style: solid;\n  border-width: 0px;\n}\n.dt-icon-bg-on.shortcode-single-image-wrap.shortcode-single-image-53cfdce24de4952a52b05cc44261d219 .rollover-icon {\n  background: rgba(255,255,255,0.3);\n  box-shadow: none;\n}<\/style><div class=\"shortcode-single-image-wrap shortcode-single-image-53cfdce24de4952a52b05cc44261d219 alignnone  enable-bg-rollover dt-icon-bg-off\" style=\"margin-top:0px; margin-bottom:0px; margin-left:0px; margin-right:0px; width:300px;\"><div class=\"shortcode-single-image\"><div class=\"fancy-media-wrap  layzr-bg\" style=\"border-radius:5px;\"><img decoding=\"async\" class=\"preload-me lazy-load aspect\" src=\"data:image\/svg+xml,%3Csvg%20xmlns%3D&#39;http%3A%2F%2Fwww.w3.org%2F2000%2Fsvg&#39;%20viewBox%3D&#39;0%200%20300%20221&#39;%2F%3E\" data-src=\"https:\/\/interimco.fr\/gms\/wp-content\/uploads\/sites\/6\/2020\/07\/Logo-Socamett-transparent-bleu-300x221.gif\" data-srcset=\"https:\/\/interimco.fr\/gms\/wp-content\/uploads\/sites\/6\/2020\/07\/Logo-Socamett-transparent-bleu-300x221.gif 300w, https:\/\/interimco.fr\/gms\/wp-content\/uploads\/sites\/6\/2020\/07\/Logo-Socamett-transparent-bleu-600x442.gif 600w\" loading=\"eager\" sizes=\"(max-width: 300px) 100vw, 300px\" width=\"300\" height=\"221\"  data-dt-location=\"https:\/\/interimco.fr\/gms\/clients\/logo-socamett-transparent-bleu\/\" style=\"--ratio: 300 \/ 221;border-radius:5px;\" alt=\"\" \/><\/div><\/div><\/div>[\/vc_column][vc_column width=\u00a0\u00bb1\/2&Prime;]<div id=\"ultimate-heading-247869f3463c3b0fa\" class=\"uvc-heading ult-adjust-bottom-margin ultimate-heading-247869f3463c3b0fa uvc-8250 accent-border-color\" data-hspacer=\"line_only\"  data-halign=\"left\" style=\"text-align:left\"><div class=\"uvc-main-heading ult-responsive\"  data-ultimate-target='.uvc-heading.ultimate-heading-247869f3463c3b0fa h2'  data-responsive-json-new='{\"font-size\":\"mobile_landscape:24px;\",\"line-height\":\"mobile_landscape:34px;\"}' ><h2 style=\"font-weight:bold;margin-bottom:20px;\">VOS GARANTIES<\/h2><\/div><div class=\"uvc-heading-spacer line_only\" style=\"margin-bottom:65px;height:2px;\"><span class=\"uvc-headings-line\" style=\"border-style:solid;border-bottom-width:2px;border-color:;width:150px;\"><\/span><\/div><\/div>[vc_column_text]INTERIM CO est une Agence d\u2019Emploi soumise \u00e0 de nombreuses obligations l\u00e9gales qui vous garantissent un haut niveau de s\u00e9curit\u00e9 et de comp\u00e9tences.<br \/>\nNous sommes garantis par la SOCAMETT[\/vc_column_text][\/vc_column][\/vc_row]<\/p>\n<\/div>","protected":false},"excerpt":{"rendered":"<p>[vc_row full_width=\u00a0\u00bbstretch_row\u00a0\u00bb gap=\u00a0\u00bb30&Prime; equal_height=\u00a0\u00bbyes\u00a0\u00bb content_placement=\u00a0\u00bbmiddle\u00a0\u00bb css=\u00a0\u00bb.vc_custom_1592818944657{padding-bottom: 80px !important;}\u00a0\u00bb][vc_column width=\u00a0\u00bb1\/2&Prime;][vc_column_text]INTERIM CO existe depuis plus de 15 ans. Son Expertise une connaissance pr\u00e9cise sur les M\u00e9tiers Alimentaire et Agro-Alimentaire. INTERIM CO accompagne ses clients dans ces domaines sur toutes les comp\u00e9tences li\u00e9es au c\u0153ur de m\u00e9tiers ainsi que les comp\u00e9tences supports telles que notamment : \u2022 Grande&hellip;<\/p>\n","protected":false},"author":1,"featured_media":0,"parent":0,"menu_order":0,"comment_status":"closed","ping_status":"closed","template":"","meta":{"footnotes":""},"class_list":["post-3159","page","type-page","status-publish","hentry","description-off"],"_links":{"self":[{"href":"https:\/\/interimco.fr\/gms\/wp-json\/wp\/v2\/pages\/3159","targetHints":{"allow":["GET"]}}],"collection":[{"href":"https:\/\/interimco.fr\/gms\/wp-json\/wp\/v2\/pages"}],"about":[{"href":"https:\/\/interimco.fr\/gms\/wp-json\/wp\/v2\/types\/page"}],"author":[{"embeddable":true,"href":"https:\/\/interimco.fr\/gms\/wp-json\/wp\/v2\/users\/1"}],"replies":[{"embeddable":true,"href":"https:\/\/interimco.fr\/gms\/wp-json\/wp\/v2\/comments?post=3159"}],"version-history":[{"count":5,"href":"https:\/\/interimco.fr\/gms\/wp-json\/wp\/v2\/pages\/3159\/revisions"}],"predecessor-version":[{"id":3703,"href":"https:\/\/interimco.fr\/gms\/wp-json\/wp\/v2\/pages\/3159\/revisions\/3703"}],"wp:attachment":[{"href":"https:\/\/interimco.fr\/gms\/wp-json\/wp\/v2\/media?parent=3159"}],"curies":[{"name":"wp","href":"https:\/\/api.w.org\/{rel}","templated":true}]}}